{"id":9432169,"date":"2023-06-27T15:25:48","date_gmt":"2023-06-27T15:25:48","guid":{"rendered":"https:\/\/tpohotelariaecasa.pt\/?post_type=product&#038;p=9432169"},"modified":"2025-04-03T09:09:38","modified_gmt":"2025-04-03T09:09:38","slug":"vitrine-refrigerada-vitrine-de-pastelaria-500l","status":"publish","type":"product","link":"https:\/\/tpohotelariaecasa.pt\/index.php\/product\/vitrine-refrigerada-vitrine-de-pastelaria-500l\/","title":{"rendered":"Vitrine Refrigerada \/ Vitrine de Pastelaria 500L"},"content":{"rendered":"<ul>\n<li>Vitrina Refrigerada \/ Vitrina de Pastelaria 500L<\/li>\n<li>Ideal para bolos, pastelaria, snacks e sandu\u00edches<\/li>\n<li>Caixa de a\u00e7o inoxid\u00e1vel com vidros rectos em toda a volta<\/li>\n<li>Porta deslizante na parte de tr\u00e1s<\/li>\n<li>Janelas de vidro em todos os lados (vidro duplo)<\/li>\n<li>Equipado com 2 prateleiras de vidro ajust\u00e1veis<\/li>\n<li>Sistema de arrefecimento com ventilador (adequado para bolos)<\/li>\n<li>Ciclo de arrefecimento \u00fanico para reduzir o processo de forma\u00e7\u00e3o de gelo<\/li>\n<li>Ilumina\u00e7\u00e3o LED no interior<\/li>\n<li>Refrigerante R290 \/ CFC livre<\/li>\n<li>Controlador digital de temperatura<\/li>\n<li>Temperatura +2\u00b0 a +8\u00b0 Celsius<\/li>\n<li>M\u00f3vel por causa de 4 rodas<\/li>\n<li>Volume: 500 litros<\/li>\n<li>Peso l\u00edquido: 182kg<\/li>\n<li>Dimens\u00f5es internas do dispositivo: W145,9 x D58 x H64,8cm<\/li>\n<li>Dimens\u00f5es externas do dispositivo: W151,5 x D67,5 x H121cm<\/li>\n<li>Pot\u00eancia: 230V \/ 50Hz \/ 1Fase 480W<\/li>\n<\/ul>\n","protected":false},"excerpt":{"rendered":"<p>Vitrina Refrigerada \/ Vitrina de Pastelaria 500L<br \/>\nIdeal para bolos, pastelaria, snacks e sandu\u00edches<br \/>\nCaixa de a\u00e7o inoxid\u00e1vel com vidros rectos em toda a volta<br \/>\nPorta deslizante na parte de tr\u00e1s<br \/>\nJanelas de vidro em todos os lados (vidro duplo)<br \/>\nEquipado com 2 prateleiras de vidro ajust\u00e1veis<br \/>\nSistema de arrefecimento com ventilador (adequado para bolos)<br \/>\nCiclo de arrefecimento \u00fanico para reduzir o processo de forma\u00e7\u00e3o de gelo<br \/>\nIlumina\u00e7\u00e3o LED no interior<br \/>\nRefrigerante R290 \/ CFC livre<br \/>\nControlador digital de temperatura<br \/>\nTemperatura +2\u00b0 a +8\u00b0 Celsius<br \/>\nM\u00f3vel por causa de 4 rodas<br \/>\nVolume: 500 litros<br \/>\nPeso l\u00edquido: 182kg<br \/>\nDimens\u00f5es internas do dispositivo: W145,9 x D58 x H64,8cm<br \/>\nDimens\u00f5es externas do dispositivo: W151,5 x D67,5 x H121cm<br \/>\nPot\u00eancia: 230V \/ 50Hz \/ 1Fase 480W<\/p>\n","protected":false},"featured_media":9432185,"comment_status":"open","ping_status":"closed","template":"","meta":[],"product_cat":[81],"product_tag":[],"class_list":["post-9432169","product","type-product","status-publish","has-post-thumbnail","hentry","product_cat-vitrine-refrigerada","product_shipping_class-gph"],"_links":{"self":[{"href":"https:\/\/tpohotelariaecasa.pt\/index.php\/wp-json\/wp\/v2\/product\/9432169"}],"collection":[{"href":"https:\/\/tpohotelariaecasa.pt\/index.php\/wp-json\/wp\/v2\/product"}],"about":[{"href":"https:\/\/tpohotelariaecasa.pt\/index.php\/wp-json\/wp\/v2\/types\/product"}],"replies":[{"embeddable":true,"href":"https:\/\/tpohotelariaecasa.pt\/index.php\/wp-json\/wp\/v2\/comments?post=9432169"}],"wp:featuredmedia":[{"embeddable":true,"href":"https:\/\/tpohotelariaecasa.pt\/index.php\/wp-json\/wp\/v2\/media\/9432185"}],"wp:attachment":[{"href":"https:\/\/tpohotelariaecasa.pt\/index.php\/wp-json\/wp\/v2\/media?parent=9432169"}],"wp:term":[{"taxonomy":"product_cat","embeddable":true,"href":"https:\/\/tpohotelariaecasa.pt\/index.php\/wp-json\/wp\/v2\/product_cat?post=9432169"},{"taxonomy":"product_tag","embeddable":true,"href":"https:\/\/tpohotelariaecasa.pt\/index.php\/wp-json\/wp\/v2\/product_tag?post=9432169"}],"curies":[{"name":"wp","href":"https:\/\/api.w.org\/{rel}","templated":true}]}}