{"id":9432189,"date":"2023-06-28T09:26:26","date_gmt":"2023-06-28T09:26:26","guid":{"rendered":"https:\/\/tpohotelariaecasa.pt\/?post_type=product&#038;p=9432189"},"modified":"2025-04-03T09:09:51","modified_gmt":"2025-04-03T09:09:51","slug":"fritadeira-13l-com-torneira-2","status":"publish","type":"product","link":"https:\/\/tpohotelariaecasa.pt\/index.php\/product\/fritadeira-13l-com-torneira-2\/","title":{"rendered":"Fritadeira 13L &#8211; com Torneira"},"content":{"rendered":"<p>Caracter\u00edsticas da fritadeira el\u00e9ctrica de fundo 13L &#8211; com torneira<\/p>\n<ul>\n<li>Fritadeira funda de 13L<\/li>\n<li>Componentes para cargas pesadas<\/li>\n<li>Term\u00f3stato entre 50 \u00b0C e 200 \u00b0C<\/li>\n<li>Luz indicadora de temperatura<\/li>\n<li>Punho resistente ao calor<\/li>\n<li>Tem uma torneira<\/li>\n<li>Fica em 4 p\u00e9s de borracha<\/li>\n<li>Constru\u00e7\u00e3o muito dur\u00e1vel<\/li>\n<li>Desenho higi\u00e9nico<\/li>\n<li>Peso l\u00edquido: 9,5kg<\/li>\n<li>Dimens\u00f5es do cesto: L20 x D21 x H11cm<\/li>\n<li>Dimens\u00f5es da m\u00e1quina: L31 x D49 x H36cm<\/li>\n<li>Pot\u00eancia dos elementos de aquecimento 3,0kW<\/li>\n<li>Pot\u00eancia el\u00e9ctrica total: 3,0kW<\/li>\n<li>Batatas fritas com capacidade: 1,1kg<\/li>\n<li>Pot\u00eancia: 230V \/ 50Hz \/ 1Fase 3000W<\/li>\n<\/ul>\n","protected":false},"excerpt":{"rendered":"<p>Fritadeira funda de 13L<br \/>\nComponentes para cargas pesadas<br \/>\nTerm\u00f3stato entre 50 \u00b0C e 200 \u00b0C<br \/>\nLuz indicadora de temperatura<br \/>\nPunho resistente ao calor<br \/>\nTem uma torneira<br \/>\nFica em 4 p\u00e9s de borracha<br \/>\nConstru\u00e7\u00e3o muito dur\u00e1vel<br \/>\nDesenho higi\u00e9nico<br \/>\nPeso l\u00edquido: 9,5kg<br \/>\nDimens\u00f5es do cesto: L20 x D21 x H11cm<br \/>\nDimens\u00f5es da m\u00e1quina: L31 x D49 x H36cm<br \/>\nPot\u00eancia dos elementos de aquecimento 3,0kW<br \/>\nPot\u00eancia el\u00e9ctrica total: 3,0kW<br \/>\nBatatas fritas com capacidade: 1,1kg<br \/>\nPot\u00eancia: 230V \/ 50Hz \/ 1Fase 3000W<\/p>\n","protected":false},"featured_media":9432206,"comment_status":"open","ping_status":"closed","template":"","meta":[],"product_cat":[792,793,788,21,89],"product_tag":[],"class_list":["post-9432189","product","type-product","status-publish","has-post-thumbnail","hentry","product_cat-mais-vendidos","product_cat-fritadeiras-equipcafebar","product_cat-equipcafebar","product_cat-restauracao","product_cat-fritadeiras","product_shipping_class-pph"],"_links":{"self":[{"href":"https:\/\/tpohotelariaecasa.pt\/index.php\/wp-json\/wp\/v2\/product\/9432189"}],"collection":[{"href":"https:\/\/tpohotelariaecasa.pt\/index.php\/wp-json\/wp\/v2\/product"}],"about":[{"href":"https:\/\/tpohotelariaecasa.pt\/index.php\/wp-json\/wp\/v2\/types\/product"}],"replies":[{"embeddable":true,"href":"https:\/\/tpohotelariaecasa.pt\/index.php\/wp-json\/wp\/v2\/comments?post=9432189"}],"wp:featuredmedia":[{"embeddable":true,"href":"https:\/\/tpohotelariaecasa.pt\/index.php\/wp-json\/wp\/v2\/media\/9432206"}],"wp:attachment":[{"href":"https:\/\/tpohotelariaecasa.pt\/index.php\/wp-json\/wp\/v2\/media?parent=9432189"}],"wp:term":[{"taxonomy":"product_cat","embeddable":true,"href":"https:\/\/tpohotelariaecasa.pt\/index.php\/wp-json\/wp\/v2\/product_cat?post=9432189"},{"taxonomy":"product_tag","embeddable":true,"href":"https:\/\/tpohotelariaecasa.pt\/index.php\/wp-json\/wp\/v2\/product_tag?post=9432189"}],"curies":[{"name":"wp","href":"https:\/\/api.w.org\/{rel}","templated":true}]}}