{"id":9432190,"date":"2023-06-28T09:27:08","date_gmt":"2023-06-28T09:27:08","guid":{"rendered":"https:\/\/tpohotelariaecasa.pt\/?post_type=product&#038;p=9432190"},"modified":"2025-04-03T09:09:48","modified_gmt":"2025-04-03T09:09:48","slug":"fritadeira-15l","status":"publish","type":"product","link":"https:\/\/tpohotelariaecasa.pt\/index.php\/product\/fritadeira-15l\/","title":{"rendered":"Fritadeira 15L"},"content":{"rendered":"<p>Caracter\u00edsticas da fritadeira el\u00e9ctrica profunda 15L<\/p>\n<ul>\n<li>Fritadeira profunda de 15L<\/li>\n<li>Componentes para cargas pesadas<\/li>\n<li>Term\u00f3stato entre 50 \u00b0C e 200 \u00b0C<\/li>\n<li>Dois elementos de aquecimento separados<\/li>\n<li>Luz indicadora de temperatura<\/li>\n<li>Punho resistente ao calor<\/li>\n<li>Fica em 4 p\u00e9s de borracha<\/li>\n<li>Constru\u00e7\u00e3o muito dur\u00e1vel<\/li>\n<li>Desenho higi\u00e9nico<\/li>\n<li>Capacidade de batatas fritas: 3 kg<\/li>\n<li>Pot\u00eancia do elemento de aquecimento: 3,0 + 3,0 kW<\/li>\n<li>Peso l\u00edquido: 12kg<\/li>\n<li>Dimens\u00f5es do cesto: L47 x D27,5 x H9,5cm<\/li>\n<li>Dimens\u00f5es da m\u00e1quina: L57 x D44 x H31,5cm<\/li>\n<li>Batatas fritas com capacidade: 3kg<\/li>\n<li>Pot\u00eancia dos elementos de aquecimento 2,5 + 2,5kW<\/li>\n<li>Pot\u00eancia el\u00e9ctrica total: 5,0kW<\/li>\n<li>Pot\u00eancia: 230V \/ 50Hz \/ 1Fase 2 x 2500W<\/li>\n<\/ul>\n","protected":false},"excerpt":{"rendered":"<p>Fritadeira profunda de 15L<br \/>\nComponentes para cargas pesadas<br \/>\nTerm\u00f3stato entre 50 \u00b0C e 200 \u00b0C<br \/>\nDois elementos de aquecimento separados<br \/>\nLuz indicadora de temperatura<br \/>\nPunho resistente ao calor<br \/>\nFica em 4 p\u00e9s de borracha<br \/>\nConstru\u00e7\u00e3o muito dur\u00e1vel<br \/>\nDesenho higi\u00e9nico<br \/>\nCapacidade de batatas fritas: 3 kg<br \/>\nPot\u00eancia do elemento de aquecimento: 3,0 + 3,0 kW<br \/>\nPeso l\u00edquido: 12kg<br \/>\nDimens\u00f5es do cesto: L47 x D27,5 x H9,5cm<br \/>\nDimens\u00f5es da m\u00e1quina: L57 x D44 x H31,5cm<br \/>\nBatatas fritas com capacidade: 3kg<br \/>\nPot\u00eancia dos elementos de aquecimento 2,5 + 2,5kW<br \/>\nPot\u00eancia el\u00e9ctrica total: 5,0kW<br \/>\nPot\u00eancia: 230V \/ 50Hz \/ 1Fase 2 x 2500W<\/p>\n","protected":false},"featured_media":9432207,"comment_status":"open","ping_status":"closed","template":"","meta":[],"product_cat":[792,793,788,21,89],"product_tag":[],"class_list":["post-9432190","product","type-product","status-publish","has-post-thumbnail","hentry","product_cat-mais-vendidos","product_cat-fritadeiras-equipcafebar","product_cat-equipcafebar","product_cat-restauracao","product_cat-fritadeiras","product_shipping_class-pph"],"_links":{"self":[{"href":"https:\/\/tpohotelariaecasa.pt\/index.php\/wp-json\/wp\/v2\/product\/9432190"}],"collection":[{"href":"https:\/\/tpohotelariaecasa.pt\/index.php\/wp-json\/wp\/v2\/product"}],"about":[{"href":"https:\/\/tpohotelariaecasa.pt\/index.php\/wp-json\/wp\/v2\/types\/product"}],"replies":[{"embeddable":true,"href":"https:\/\/tpohotelariaecasa.pt\/index.php\/wp-json\/wp\/v2\/comments?post=9432190"}],"wp:featuredmedia":[{"embeddable":true,"href":"https:\/\/tpohotelariaecasa.pt\/index.php\/wp-json\/wp\/v2\/media\/9432207"}],"wp:attachment":[{"href":"https:\/\/tpohotelariaecasa.pt\/index.php\/wp-json\/wp\/v2\/media?parent=9432190"}],"wp:term":[{"taxonomy":"product_cat","embeddable":true,"href":"https:\/\/tpohotelariaecasa.pt\/index.php\/wp-json\/wp\/v2\/product_cat?post=9432190"},{"taxonomy":"product_tag","embeddable":true,"href":"https:\/\/tpohotelariaecasa.pt\/index.php\/wp-json\/wp\/v2\/product_tag?post=9432190"}],"curies":[{"name":"wp","href":"https:\/\/api.w.org\/{rel}","templated":true}]}}