{"id":9432194,"date":"2023-06-28T09:30:53","date_gmt":"2023-06-28T09:30:53","guid":{"rendered":"https:\/\/tpohotelariaecasa.pt\/?post_type=product&#038;p=9432194"},"modified":"2025-04-03T09:09:45","modified_gmt":"2025-04-03T09:09:45","slug":"fritadeira-de-inducao-fritadeira-de-inducao-1-x-8l-com-torneira","status":"publish","type":"product","link":"https:\/\/tpohotelariaecasa.pt\/index.php\/product\/fritadeira-de-inducao-fritadeira-de-inducao-1-x-8l-com-torneira\/","title":{"rendered":"Fritadeira de indu\u00e7\u00e3o \/ Fritadeira de indu\u00e7\u00e3o 1 x 8L com torneira"},"content":{"rendered":"<ul>\n<li>Fritadeira de indu\u00e7\u00e3o de alta qualidade para uso dom\u00e9stico e profissional<\/li>\n<li>Caixa de a\u00e7o inoxid\u00e1vel robusta e duradoura<\/li>\n<li>F\u00e1cil de utilizar com painel t\u00e1til, visor LED e temporizador<\/li>\n<li>O temporizador pode ser definido de 0 a 120 minutos<\/li>\n<li>Gama de temperaturas de 60 &#8211; 190 \u00b0 C<\/li>\n<li>A temperatura pode ser definida em 11 passos<\/li>\n<li>Equipado com prote\u00e7\u00e3o contra sobreaquecimento el\u00e9trico<\/li>\n<li>F\u00e1cil de limpar e manter a superf\u00edcie lisa<\/li>\n<li>Luxuosa fritadeira de indu\u00e7\u00e3o simples com torneira de drenagem<\/li>\n<\/ul>\n<p><strong>Especifica\u00e7\u00f5es do produto<\/strong><\/p>\n<ul>\n<li>Peso l\u00edquido: 13,7 kg<\/li>\n<li>Capacidade do dep\u00f3sito: 1 x 10,5 litros<\/li>\n<li>Dimens\u00f5es do cesto: L18,5 x P22,5 x A13,5cm<\/li>\n<li>Dimens\u00f5es da m\u00e1quina: L29 x P50 x A41cm<\/li>\n<li>Capacidade para batatas fritas: 1,3Kg<\/li>\n<li>Capacidade m\u00ednima de \u00f3leo: 6L<\/li>\n<li>Capacidade m\u00e1xima de \u00f3leo: 8L<\/li>\n<li>Pot\u00eancia: 230V \/ 50Hz \/ 1Phase 3500W<\/li>\n<\/ul>\n","protected":false},"excerpt":{"rendered":"<p>Fritadeira de indu\u00e7\u00e3o de alta qualidade para uso dom\u00e9stico e profissional<br \/>\nCaixa de a\u00e7o inoxid\u00e1vel robusta e duradoura<br \/>\nF\u00e1cil de utilizar com painel t\u00e1ctil, visor LED e temporizador<br \/>\nO temporizador pode ser definido de 0 a 120 minutos<br \/>\nGama de temperaturas de 60 &#8211; 190 \u00b0 C<br \/>\nA temperatura pode ser definida em 11 passos<br \/>\nEquipado com protec\u00e7\u00e3o contra sobreaquecimento el\u00e9ctrico<br \/>\nF\u00e1cil de limpar e manter a superf\u00edcie lisa<br \/>\nLuxuosa fritadeira de indu\u00e7\u00e3o simples com torneira de drenagem<br \/>\nCapacidade do dep\u00f3sito: 1 x 10,5 litros<br \/>\nPeso l\u00edquido: 13,7 kg<br \/>\nDimens\u00f5es do cesto: L18,5 x P22,5 x A13,5cm<br \/>\nDimens\u00f5es da m\u00e1quina: L29 x P50 x A41cm<br \/>\nCapacidade m\u00ednima de \u00f3leo: 5L<br \/>\nCapacidade m\u00e1xima de \u00f3leo: 8L<br \/>\nPot\u00eancia: 230V \/ 50Hz \/ 1Phase 3500W<\/p>\n","protected":false},"featured_media":9432211,"comment_status":"open","ping_status":"closed","template":"","meta":[],"product_cat":[793,788,21,89],"product_tag":[],"class_list":["post-9432194","product","type-product","status-publish","has-post-thumbnail","hentry","product_cat-fritadeiras-equipcafebar","product_cat-equipcafebar","product_cat-restauracao","product_cat-fritadeiras","product_shipping_class-pph"],"_links":{"self":[{"href":"https:\/\/tpohotelariaecasa.pt\/index.php\/wp-json\/wp\/v2\/product\/9432194"}],"collection":[{"href":"https:\/\/tpohotelariaecasa.pt\/index.php\/wp-json\/wp\/v2\/product"}],"about":[{"href":"https:\/\/tpohotelariaecasa.pt\/index.php\/wp-json\/wp\/v2\/types\/product"}],"replies":[{"embeddable":true,"href":"https:\/\/tpohotelariaecasa.pt\/index.php\/wp-json\/wp\/v2\/comments?post=9432194"}],"wp:featuredmedia":[{"embeddable":true,"href":"https:\/\/tpohotelariaecasa.pt\/index.php\/wp-json\/wp\/v2\/media\/9432211"}],"wp:attachment":[{"href":"https:\/\/tpohotelariaecasa.pt\/index.php\/wp-json\/wp\/v2\/media?parent=9432194"}],"wp:term":[{"taxonomy":"product_cat","embeddable":true,"href":"https:\/\/tpohotelariaecasa.pt\/index.php\/wp-json\/wp\/v2\/product_cat?post=9432194"},{"taxonomy":"product_tag","embeddable":true,"href":"https:\/\/tpohotelariaecasa.pt\/index.php\/wp-json\/wp\/v2\/product_tag?post=9432194"}],"curies":[{"name":"wp","href":"https:\/\/api.w.org\/{rel}","templated":true}]}}