{"id":9432195,"date":"2023-06-28T09:38:18","date_gmt":"2023-06-28T09:38:18","guid":{"rendered":"https:\/\/tpohotelariaecasa.pt\/?post_type=product&#038;p=9432195"},"modified":"2025-04-03T09:09:43","modified_gmt":"2025-04-03T09:09:43","slug":"fritadeira-2-x-13l-com-torneira","status":"publish","type":"product","link":"https:\/\/tpohotelariaecasa.pt\/index.php\/product\/fritadeira-2-x-13l-com-torneira\/","title":{"rendered":"Fritadeira 2 x 13L &#8211; com Torneira"},"content":{"rendered":"<p>Caracter\u00edsticas da fritadeira el\u00e9ctrica profunda 2 x 13L &#8211; com torneira<\/p>\n<ul>\n<li>Fritadeira profunda de 2 x 13L<\/li>\n<li>Componentes para cargas pesadas<\/li>\n<li>Term\u00f3stato entre 50 \u00b0C e 200 \u00b0C<\/li>\n<li>Elementos de aquecimento separados<\/li>\n<li>Luz indicadora de temperatura<\/li>\n<li>Punho resistente ao calor<\/li>\n<li>Tem torneiras<\/li>\n<li>Fica em 4 p\u00e9s de borracha<\/li>\n<li>Constru\u00e7\u00e3o muito dur\u00e1vel<\/li>\n<li>Desenho higi\u00e9nico<\/li>\n<li>Peso l\u00edquido: 16,5kg<\/li>\n<li>Dimens\u00f5es do cesto: L20 x D21 x H11cm<\/li>\n<li>Dimens\u00f5es da m\u00e1quina: L63 x D49 x H36cm<\/li>\n<li>Pot\u00eancia dos elementos de aquecimento 3,0kW + 3,0kW<\/li>\n<li>Pot\u00eancia el\u00e9ctrica total: 6,0kW<\/li>\n<li>Capacidade de batatas fritas: 2 x 1,1kg<\/li>\n<li>Pot\u00eancia: 230V \/ 50Hz \/ 1Fase 2 x 3000W<\/li>\n<\/ul>\n","protected":false},"excerpt":{"rendered":"<p>Fritadeira profunda de 2 x 13L<br \/>\nComponentes para cargas pesadas<br \/>\nTerm\u00f3stato entre 50 \u00b0C e 200 \u00b0C<br \/>\nElementos de aquecimento separados<br \/>\nLuz indicadora de temperatura<br \/>\nPunho resistente ao calor<br \/>\nTem torneiras<br \/>\nFica em 4 p\u00e9s de borracha<br \/>\nConstru\u00e7\u00e3o muito dur\u00e1vel<br \/>\nDesenho higi\u00e9nico<br \/>\nPeso l\u00edquido: 16,5kg<br \/>\nDimens\u00f5es do cesto: L20 x D21 x H11cm<br \/>\nDimens\u00f5es da m\u00e1quina: L63 x D49 x H36cm<br \/>\nPot\u00eancia dos elementos de aquecimento 3,0kW + 3,0kW<br \/>\nPot\u00eancia el\u00e9ctrica total: 6,0kW<br \/>\nCapacidade de batatas fritas: 2 x 1,1kg<br \/>\nPot\u00eancia: 230V \/ 50Hz \/ 1Fase 2 x 3000W<\/p>\n","protected":false},"featured_media":9432212,"comment_status":"open","ping_status":"closed","template":"","meta":[],"product_cat":[793,788,21,89],"product_tag":[],"class_list":["post-9432195","product","type-product","status-publish","has-post-thumbnail","hentry","product_cat-fritadeiras-equipcafebar","product_cat-equipcafebar","product_cat-restauracao","product_cat-fritadeiras","product_shipping_class-pph"],"_links":{"self":[{"href":"https:\/\/tpohotelariaecasa.pt\/index.php\/wp-json\/wp\/v2\/product\/9432195"}],"collection":[{"href":"https:\/\/tpohotelariaecasa.pt\/index.php\/wp-json\/wp\/v2\/product"}],"about":[{"href":"https:\/\/tpohotelariaecasa.pt\/index.php\/wp-json\/wp\/v2\/types\/product"}],"replies":[{"embeddable":true,"href":"https:\/\/tpohotelariaecasa.pt\/index.php\/wp-json\/wp\/v2\/comments?post=9432195"}],"wp:featuredmedia":[{"embeddable":true,"href":"https:\/\/tpohotelariaecasa.pt\/index.php\/wp-json\/wp\/v2\/media\/9432212"}],"wp:attachment":[{"href":"https:\/\/tpohotelariaecasa.pt\/index.php\/wp-json\/wp\/v2\/media?parent=9432195"}],"wp:term":[{"taxonomy":"product_cat","embeddable":true,"href":"https:\/\/tpohotelariaecasa.pt\/index.php\/wp-json\/wp\/v2\/product_cat?post=9432195"},{"taxonomy":"product_tag","embeddable":true,"href":"https:\/\/tpohotelariaecasa.pt\/index.php\/wp-json\/wp\/v2\/product_tag?post=9432195"}],"curies":[{"name":"wp","href":"https:\/\/api.w.org\/{rel}","templated":true}]}}