{"id":9432201,"date":"2023-06-28T09:40:42","date_gmt":"2023-06-28T09:40:42","guid":{"rendered":"https:\/\/tpohotelariaecasa.pt\/?post_type=product&#038;p=9432201"},"modified":"2025-04-03T09:09:45","modified_gmt":"2025-04-03T09:09:45","slug":"fritadeira-de-grau-comercial-1-x-10l-eletrica-40-x-67-cm-com-torneira","status":"publish","type":"product","link":"https:\/\/tpohotelariaecasa.pt\/index.php\/product\/fritadeira-de-grau-comercial-1-x-10l-eletrica-40-x-67-cm-com-torneira\/","title":{"rendered":"Fritadeira de grau comercial 1 x 10L &#8211; el\u00e9trica &#8211; 40 x 67 cm com torneira"},"content":{"rendered":"<ul>\n<li>Fritadeira concebida profissionalmente<\/li>\n<li>Pain\u00e9is externos de a\u00e7o inoxid\u00e1vel dur\u00e1veis<\/li>\n<li>Tanque de fritadeira monobloco de a\u00e7o inoxid\u00e1vel<\/li>\n<li>Cantos arredondados para facilidade de limpeza e melhor higiene<\/li>\n<li>Term\u00f3stato de seguran\u00e7a com rearme manual<\/li>\n<li>Regula\u00e7\u00e3o termost\u00e1tica da temperatura do \u00f3leo at\u00e9 190\u00b0C<\/li>\n<li>Elementos de aquecimento blindados<\/li>\n<li>Drenagem f\u00e1cil e segura com tubo de drenagem e v\u00e1lvula<\/li>\n<li>Peso l\u00edquido: 14kg<\/li>\n<li>Dimens\u00f5es do cesto: L21 x D23 x H10cm<\/li>\n<li>Dimens\u00f5es da m\u00e1quina: L40 x D67 x H38cm<\/li>\n<li>Consumo de energia: 6,0kW<\/li>\n<li>Pot\u00eancia: 400V \/ 50Hz \/ 3Fases 6000W<\/li>\n<\/ul>\n","protected":false},"excerpt":{"rendered":"<p>Fritadeira concebida profissionalmente<br \/>\nPain\u00e9is externos de a\u00e7o inoxid\u00e1vel dur\u00e1veis<br \/>\nTanque de fritadeira monobloco de a\u00e7o inoxid\u00e1vel<br \/>\nCantos arredondados para facilidade de limpeza e melhor higiene<br \/>\nTerm\u00f3stato de seguran\u00e7a com rearme manual<br \/>\nRegula\u00e7\u00e3o termost\u00e1tica da temperatura do \u00f3leo at\u00e9 190\u00b0C<br \/>\nElementos de aquecimento blindados<br \/>\nDrenagem f\u00e1cil e segura com tubo de drenagem e v\u00e1lvula<br \/>\nPeso l\u00edquido: 14kg<br \/>\nDimens\u00f5es do cesto: L21 x D23 x H10cm<br \/>\nDimens\u00f5es da m\u00e1quina: L40 x D67 x H38cm<br \/>\nConsumo de energia: 6,0kW<br \/>\nPot\u00eancia: 400V \/ 50Hz \/ 3Fases 6000W<\/p>\n","protected":false},"featured_media":9432218,"comment_status":"open","ping_status":"closed","template":"","meta":[],"product_cat":[792,793,788,21,89],"product_tag":[],"class_list":["post-9432201","product","type-product","status-publish","has-post-thumbnail","hentry","product_cat-mais-vendidos","product_cat-fritadeiras-equipcafebar","product_cat-equipcafebar","product_cat-restauracao","product_cat-fritadeiras","product_shipping_class-pph"],"_links":{"self":[{"href":"https:\/\/tpohotelariaecasa.pt\/index.php\/wp-json\/wp\/v2\/product\/9432201"}],"collection":[{"href":"https:\/\/tpohotelariaecasa.pt\/index.php\/wp-json\/wp\/v2\/product"}],"about":[{"href":"https:\/\/tpohotelariaecasa.pt\/index.php\/wp-json\/wp\/v2\/types\/product"}],"replies":[{"embeddable":true,"href":"https:\/\/tpohotelariaecasa.pt\/index.php\/wp-json\/wp\/v2\/comments?post=9432201"}],"wp:featuredmedia":[{"embeddable":true,"href":"https:\/\/tpohotelariaecasa.pt\/index.php\/wp-json\/wp\/v2\/media\/9432218"}],"wp:attachment":[{"href":"https:\/\/tpohotelariaecasa.pt\/index.php\/wp-json\/wp\/v2\/media?parent=9432201"}],"wp:term":[{"taxonomy":"product_cat","embeddable":true,"href":"https:\/\/tpohotelariaecasa.pt\/index.php\/wp-json\/wp\/v2\/product_cat?post=9432201"},{"taxonomy":"product_tag","embeddable":true,"href":"https:\/\/tpohotelariaecasa.pt\/index.php\/wp-json\/wp\/v2\/product_tag?post=9432201"}],"curies":[{"name":"wp","href":"https:\/\/api.w.org\/{rel}","templated":true}]}}