{"id":9450297,"date":"2024-01-16T11:31:37","date_gmt":"2024-01-16T11:31:37","guid":{"rendered":"https:\/\/tpohotelariaecasa.pt\/index.php\/product\/secador-dr30-14kg-gas-evolis-fr-inoxtamb-galv-rev\/"},"modified":"2025-03-26T14:42:08","modified_gmt":"2025-03-26T14:42:08","slug":"secador-dr30-14kg-gas-evolis-fr-inoxtamb-galv-rev","status":"publish","type":"product","link":"https:\/\/tpohotelariaecasa.pt\/index.php\/product\/secador-dr30-14kg-gas-evolis-fr-inoxtamb-galv-rev\/","title":{"rendered":"SECADOR DR30 14KG GAS EVOLIS FR INOX+TAMB GALV REV"},"content":{"rendered":"<p>Secador com tambor galvanizado revers\u00edvel; Painel frontal em a\u00e7o inox, porta em preto controlada por inverter; Ru\u00eddo operacional reduzido; Menor consumo; Painel de comando Touch screen  EVOLIS de 7 polegadas muito intuitivo, 5 programas standard ajust\u00e1veis; Modificadores de ciclos; Manuten\u00e7\u00e3o e diagn\u00f3stico acess\u00edveis; Longevidade m\u00e1quina; Conectividade de WI FI dispon\u00edvel; Exclusivo para moedeiros ou liga\u00e7\u00e3o a central <\/p>\n","protected":false},"excerpt":{"rendered":"<p>Secador com tambor galvanizado revers\u00edvel; Painel frontal em a\u00e7o inox, porta em preto controlada por inverter; Ru\u00eddo operacional reduzido; Menor consumo; Painel de comando Touch screen EVOLIS de 7 polegadas muito intuitivo, 5 programas standard ajust\u00e1veis; Modificadores de ciclos; Manuten\u00e7\u00e3o e diagn\u00f3stico acess\u00edveis; Longevidade m\u00e1quina; Conectividade de WI FI dispon\u00edvel; Exclusivo para moedeiros ou liga\u00e7\u00e3o [&hellip;]<\/p>\n","protected":false},"featured_media":9450296,"comment_status":"open","ping_status":"closed","template":"","meta":[],"product_cat":[767],"product_tag":[],"class_list":["post-9450297","product","type-product","status-publish","has-post-thumbnail","hentry","product_cat-secador-industrial-dr","product_shipping_class-gph"],"_links":{"self":[{"href":"https:\/\/tpohotelariaecasa.pt\/index.php\/wp-json\/wp\/v2\/product\/9450297"}],"collection":[{"href":"https:\/\/tpohotelariaecasa.pt\/index.php\/wp-json\/wp\/v2\/product"}],"about":[{"href":"https:\/\/tpohotelariaecasa.pt\/index.php\/wp-json\/wp\/v2\/types\/product"}],"replies":[{"embeddable":true,"href":"https:\/\/tpohotelariaecasa.pt\/index.php\/wp-json\/wp\/v2\/comments?post=9450297"}],"wp:featuredmedia":[{"embeddable":true,"href":"https:\/\/tpohotelariaecasa.pt\/index.php\/wp-json\/wp\/v2\/media\/9450296"}],"wp:attachment":[{"href":"https:\/\/tpohotelariaecasa.pt\/index.php\/wp-json\/wp\/v2\/media?parent=9450297"}],"wp:term":[{"taxonomy":"product_cat","embeddable":true,"href":"https:\/\/tpohotelariaecasa.pt\/index.php\/wp-json\/wp\/v2\/product_cat?post=9450297"},{"taxonomy":"product_tag","embeddable":true,"href":"https:\/\/tpohotelariaecasa.pt\/index.php\/wp-json\/wp\/v2\/product_tag?post=9450297"}],"curies":[{"name":"wp","href":"https:\/\/api.w.org\/{rel}","templated":true}]}}