{"id":9450331,"date":"2024-01-16T11:31:54","date_gmt":"2024-01-16T11:31:54","guid":{"rendered":"https:\/\/tpohotelariaecasa.pt\/index.php\/product\/secador-dr75-32kg-gas-230v-tambor-inox\/"},"modified":"2025-03-26T14:42:07","modified_gmt":"2025-03-26T14:42:07","slug":"secador-dr75-32kg-gas-230v-tambor-inox","status":"publish","type":"product","link":"https:\/\/tpohotelariaecasa.pt\/index.php\/product\/secador-dr75-32kg-gas-230v-tambor-inox\/","title":{"rendered":"SECADOR DR75 32KG GAS 230V TAMBOR INOX"},"content":{"rendered":"<p>Secador com tambor em a\u00e7o inox; Soft start-motor controlado por inverter; Ru\u00eddo operacional reduzido; Menor consumo; Painel dois digitos (Dual digital control) 4 programas ajust\u00e1veis; Manuten\u00e7\u00e3o e diagn\u00f3stico acess\u00edveis; Longevidade m\u00e1quina; <\/p>\n","protected":false},"excerpt":{"rendered":"<p>Secador com tambor em a\u00e7o inox; Soft start-motor controlado por inverter; Ru\u00eddo operacional reduzido; Menor consumo; Painel dois digitos (Dual digital control) 4 programas ajust\u00e1veis; Manuten\u00e7\u00e3o e diagn\u00f3stico acess\u00edveis; Longevidade m\u00e1quina;<\/p>\n","protected":false},"featured_media":9450330,"comment_status":"open","ping_status":"closed","template":"","meta":[],"product_cat":[767],"product_tag":[],"class_list":["post-9450331","product","type-product","status-publish","has-post-thumbnail","hentry","product_cat-secador-industrial-dr","product_shipping_class-gph"],"_links":{"self":[{"href":"https:\/\/tpohotelariaecasa.pt\/index.php\/wp-json\/wp\/v2\/product\/9450331"}],"collection":[{"href":"https:\/\/tpohotelariaecasa.pt\/index.php\/wp-json\/wp\/v2\/product"}],"about":[{"href":"https:\/\/tpohotelariaecasa.pt\/index.php\/wp-json\/wp\/v2\/types\/product"}],"replies":[{"embeddable":true,"href":"https:\/\/tpohotelariaecasa.pt\/index.php\/wp-json\/wp\/v2\/comments?post=9450331"}],"wp:featuredmedia":[{"embeddable":true,"href":"https:\/\/tpohotelariaecasa.pt\/index.php\/wp-json\/wp\/v2\/media\/9450330"}],"wp:attachment":[{"href":"https:\/\/tpohotelariaecasa.pt\/index.php\/wp-json\/wp\/v2\/media?parent=9450331"}],"wp:term":[{"taxonomy":"product_cat","embeddable":true,"href":"https:\/\/tpohotelariaecasa.pt\/index.php\/wp-json\/wp\/v2\/product_cat?post=9450331"},{"taxonomy":"product_tag","embeddable":true,"href":"https:\/\/tpohotelariaecasa.pt\/index.php\/wp-json\/wp\/v2\/product_tag?post=9450331"}],"curies":[{"name":"wp","href":"https:\/\/api.w.org\/{rel}","templated":true}]}}