{"id":9450389,"date":"2024-01-16T11:33:17","date_gmt":"2024-01-16T11:33:17","guid":{"rendered":"https:\/\/tpohotelariaecasa.pt\/index.php\/product\/secador-i345-17kg-gas-230v-tambor-inox-revers\/"},"modified":"2025-03-26T14:42:06","modified_gmt":"2025-03-26T14:42:06","slug":"secador-i345-17kg-gas-230v-tambor-inox-revers","status":"publish","type":"product","link":"https:\/\/tpohotelariaecasa.pt\/index.php\/product\/secador-i345-17kg-gas-230v-tambor-inox-revers\/","title":{"rendered":"SECADOR I345 17KG GAS 230V TAMBOR INOX + REVERS"},"content":{"rendered":"<p>Tambor de a\u00e7o inoxid\u00e1vel standart de grande di\u00e2metro Microprocessador f\u00e1cil de usar (ECT) Tambor convexo inovador Combina\u00e7\u00e3o de fluxo de ar radial e axial transfer\u00eancia de calor m\u00e1xima baixo consumo de energia tempo de secagem curto Grande abertura de porta para f\u00e1cil carregamento e descarregamento <\/p>\n","protected":false},"excerpt":{"rendered":"<p>Tambor de a\u00e7o inoxid\u00e1vel standart de grande di\u00e2metro Microprocessador f\u00e1cil de usar (ECT) Tambor convexo inovador Combina\u00e7\u00e3o de fluxo de ar radial e axial transfer\u00eancia de calor m\u00e1xima baixo consumo de energia tempo de secagem curto Grande abertura de porta para f\u00e1cil carregamento e descarregamento<\/p>\n","protected":false},"featured_media":9450388,"comment_status":"open","ping_status":"closed","template":"","meta":[],"product_cat":[768],"product_tag":[],"class_list":["post-9450389","product","type-product","status-publish","has-post-thumbnail","hentry","product_cat-secador-industrial-i","product_shipping_class-gph"],"_links":{"self":[{"href":"https:\/\/tpohotelariaecasa.pt\/index.php\/wp-json\/wp\/v2\/product\/9450389"}],"collection":[{"href":"https:\/\/tpohotelariaecasa.pt\/index.php\/wp-json\/wp\/v2\/product"}],"about":[{"href":"https:\/\/tpohotelariaecasa.pt\/index.php\/wp-json\/wp\/v2\/types\/product"}],"replies":[{"embeddable":true,"href":"https:\/\/tpohotelariaecasa.pt\/index.php\/wp-json\/wp\/v2\/comments?post=9450389"}],"wp:featuredmedia":[{"embeddable":true,"href":"https:\/\/tpohotelariaecasa.pt\/index.php\/wp-json\/wp\/v2\/media\/9450388"}],"wp:attachment":[{"href":"https:\/\/tpohotelariaecasa.pt\/index.php\/wp-json\/wp\/v2\/media?parent=9450389"}],"wp:term":[{"taxonomy":"product_cat","embeddable":true,"href":"https:\/\/tpohotelariaecasa.pt\/index.php\/wp-json\/wp\/v2\/product_cat?post=9450389"},{"taxonomy":"product_tag","embeddable":true,"href":"https:\/\/tpohotelariaecasa.pt\/index.php\/wp-json\/wp\/v2\/product_tag?post=9450389"}],"curies":[{"name":"wp","href":"https:\/\/api.w.org\/{rel}","templated":true}]}}