{"id":9450469,"date":"2024-01-16T11:34:31","date_gmt":"2024-01-16T11:34:31","guid":{"rendered":"https:\/\/tpohotelariaecasa.pt\/index.php\/product\/manequim-pneumatico-autom-topper-3-passar-calcas\/"},"modified":"2025-03-26T14:42:05","modified_gmt":"2025-03-26T14:42:05","slug":"manequim-pneumatico-autom-topper-3-passar-calcas","status":"publish","type":"product","link":"https:\/\/tpohotelariaecasa.pt\/index.php\/product\/manequim-pneumatico-autom-topper-3-passar-calcas\/","title":{"rendered":"MANEQUIM PNEUM\u00c1TICO AUTOM. TOPPER 3 PASSAR CAL\u00c7AS"},"content":{"rendered":"<p>Ajuste de aperto da cinta pneum\u00e1tico com extens\u00e3o lateral; Computador LED com 9 programas \u2013 programa\u00e7\u00e3o de 3 tempos; Vapor, ar frio, vapor misturado com ar quente, contador de produ\u00e7\u00e3o; Sistema informatizado que impede a roupa de alargar. <\/p>\n","protected":false},"excerpt":{"rendered":"<p>Ajuste de aperto da cinta pneum\u00e1tico com extens\u00e3o lateral; Computador LED com 9 programas \u2013 programa\u00e7\u00e3o de 3 tempos; Vapor, ar frio, vapor misturado com ar quente, contador de produ\u00e7\u00e3o; Sistema informatizado que impede a roupa de alargar.<\/p>\n","protected":false},"featured_media":9450468,"comment_status":"open","ping_status":"closed","template":"","meta":[],"product_cat":[757],"product_tag":[],"class_list":["post-9450469","product","type-product","status-publish","has-post-thumbnail","hentry","product_cat-manequim","product_shipping_class-gph"],"_links":{"self":[{"href":"https:\/\/tpohotelariaecasa.pt\/index.php\/wp-json\/wp\/v2\/product\/9450469"}],"collection":[{"href":"https:\/\/tpohotelariaecasa.pt\/index.php\/wp-json\/wp\/v2\/product"}],"about":[{"href":"https:\/\/tpohotelariaecasa.pt\/index.php\/wp-json\/wp\/v2\/types\/product"}],"replies":[{"embeddable":true,"href":"https:\/\/tpohotelariaecasa.pt\/index.php\/wp-json\/wp\/v2\/comments?post=9450469"}],"wp:featuredmedia":[{"embeddable":true,"href":"https:\/\/tpohotelariaecasa.pt\/index.php\/wp-json\/wp\/v2\/media\/9450468"}],"wp:attachment":[{"href":"https:\/\/tpohotelariaecasa.pt\/index.php\/wp-json\/wp\/v2\/media?parent=9450469"}],"wp:term":[{"taxonomy":"product_cat","embeddable":true,"href":"https:\/\/tpohotelariaecasa.pt\/index.php\/wp-json\/wp\/v2\/product_cat?post=9450469"},{"taxonomy":"product_tag","embeddable":true,"href":"https:\/\/tpohotelariaecasa.pt\/index.php\/wp-json\/wp\/v2\/product_tag?post=9450469"}],"curies":[{"name":"wp","href":"https:\/\/api.w.org\/{rel}","templated":true}]}}