{"id":9450507,"date":"2024-01-16T11:35:01","date_gmt":"2024-01-16T11:35:01","guid":{"rendered":"https:\/\/tpohotelariaecasa.pt\/index.php\/product\/calandra-fci3200-50-vapor-90kg-h\/"},"modified":"2025-03-26T14:42:04","modified_gmt":"2025-03-26T14:42:04","slug":"calandra-fci3200-50-vapor-90kg-h","status":"publish","type":"product","link":"https:\/\/tpohotelariaecasa.pt\/index.php\/product\/calandra-fci3200-50-vapor-90kg-h\/","title":{"rendered":"CALANDRA FCI3200\/50 VAPOR 90KG\/H"},"content":{"rendered":"<p>Grande superf\u00edcie de contacto com a roupa com um per\u00edmetro de 300\u00b0 Cilindro cromado para uma melhor condu\u00e7\u00e3o t\u00e9rmica Stop de emerg\u00eancia e interruptor principal num s\u00f3 bot\u00e3o Barra de protec\u00e7\u00e3o de dedos para uma maior seguran\u00e7a Bandas de passagem a ferro NOMEX Rolo de press\u00e3o extra pesado para uma passagem de maior qualidade Sistema de transmis\u00e3o direta sem manuten\u00e7\u00e3o Arrefecimento autom\u00e1tico Microprocessador f\u00e1cil de utilizar Indicador de velocidade de passagem e temperatura Motor controlado por variador de frequ\u00eancia Sistema de extra\u00e7\u00e3o central sem manuten\u00e7\u00e3o e sem necessidade deFiltro de pel\u00facia Possibilidade de poupan\u00e7a de espa\u00e7o colocando a m\u00e1quina contra a parede: saida frontal Conducta de extra\u00e7\u00e3o que se pode trocar facilmente para a posi\u00e7\u00e3o traseira ou lateral direita da m\u00e1quina Desenho ergon\u00f3mico <\/p>\n","protected":false},"excerpt":{"rendered":"<p>Grande superf\u00edcie de contacto com a roupa com um per\u00edmetro de 300\u00b0 Cilindro cromado para uma melhor condu\u00e7\u00e3o t\u00e9rmica Stop de emerg\u00eancia e interruptor principal num s\u00f3 bot\u00e3o Barra de protec\u00e7\u00e3o de dedos para uma maior seguran\u00e7a Bandas de passagem a ferro NOMEX Rolo de press\u00e3o extra pesado para uma passagem de maior qualidade Sistema [&hellip;]<\/p>\n","protected":false},"featured_media":9450506,"comment_status":"open","ping_status":"closed","template":"","meta":[],"product_cat":[751],"product_tag":[],"class_list":["post-9450507","product","type-product","status-publish","has-post-thumbnail","hentry","product_cat-calandra-secadora-passadora","product_shipping_class-gph"],"_links":{"self":[{"href":"https:\/\/tpohotelariaecasa.pt\/index.php\/wp-json\/wp\/v2\/product\/9450507"}],"collection":[{"href":"https:\/\/tpohotelariaecasa.pt\/index.php\/wp-json\/wp\/v2\/product"}],"about":[{"href":"https:\/\/tpohotelariaecasa.pt\/index.php\/wp-json\/wp\/v2\/types\/product"}],"replies":[{"embeddable":true,"href":"https:\/\/tpohotelariaecasa.pt\/index.php\/wp-json\/wp\/v2\/comments?post=9450507"}],"wp:featuredmedia":[{"embeddable":true,"href":"https:\/\/tpohotelariaecasa.pt\/index.php\/wp-json\/wp\/v2\/media\/9450506"}],"wp:attachment":[{"href":"https:\/\/tpohotelariaecasa.pt\/index.php\/wp-json\/wp\/v2\/media?parent=9450507"}],"wp:term":[{"taxonomy":"product_cat","embeddable":true,"href":"https:\/\/tpohotelariaecasa.pt\/index.php\/wp-json\/wp\/v2\/product_cat?post=9450507"},{"taxonomy":"product_tag","embeddable":true,"href":"https:\/\/tpohotelariaecasa.pt\/index.php\/wp-json\/wp\/v2\/product_tag?post=9450507"}],"curies":[{"name":"wp","href":"https:\/\/api.w.org\/{rel}","templated":true}]}}