{"id":9450543,"date":"2024-01-16T11:35:49","date_gmt":"2024-01-16T11:35:49","guid":{"rendered":"https:\/\/tpohotelariaecasa.pt\/index.php\/product\/tabua-semi-profissional-aspirante-beta-1-s-cald\/"},"modified":"2025-03-26T14:42:04","modified_gmt":"2025-03-26T14:42:04","slug":"tabua-semi-profissional-aspirante-beta-1-s-cald","status":"publish","type":"product","link":"https:\/\/tpohotelariaecasa.pt\/index.php\/product\/tabua-semi-profissional-aspirante-beta-1-s-cald\/","title":{"rendered":"TABUA SEMI-PROFISSIONAL ASPIRANTE BETA 1 S\/CALD."},"content":{"rendered":"<p>T\u00c1BUAS DE PASSAR UNIVERSAL ASPIRANTE SEM PASSA MANGAS Mesa de passagem dom\u00e9stica, ajust\u00e1vel, com aspira\u00e7\u00e3o. Prato com aquecimento el\u00e9ctrico (400W)  com forma de mangas com aspira\u00e7\u00e3o. Turbina de v\u00e1cuo: 90 W Dimens\u00f5es fechada: 165 x 46 x 13 cm <\/p>\n","protected":false},"excerpt":{"rendered":"<p>T\u00c1BUAS DE PASSAR UNIVERSAL ASPIRANTE SEM PASSA MANGAS Mesa de passagem dom\u00e9stica, ajust\u00e1vel, com aspira\u00e7\u00e3o. Prato com aquecimento el\u00e9ctrico (400W) com forma de mangas com aspira\u00e7\u00e3o. Turbina de v\u00e1cuo: 90 W Dimens\u00f5es fechada: 165 x 46 x 13 cm<\/p>\n","protected":false},"featured_media":9450542,"comment_status":"open","ping_status":"closed","template":"","meta":[],"product_cat":[770],"product_tag":[],"class_list":["post-9450543","product","type-product","status-publish","has-post-thumbnail","hentry","product_cat-tabua-de-passar-profissional","product_shipping_class-gph"],"_links":{"self":[{"href":"https:\/\/tpohotelariaecasa.pt\/index.php\/wp-json\/wp\/v2\/product\/9450543"}],"collection":[{"href":"https:\/\/tpohotelariaecasa.pt\/index.php\/wp-json\/wp\/v2\/product"}],"about":[{"href":"https:\/\/tpohotelariaecasa.pt\/index.php\/wp-json\/wp\/v2\/types\/product"}],"replies":[{"embeddable":true,"href":"https:\/\/tpohotelariaecasa.pt\/index.php\/wp-json\/wp\/v2\/comments?post=9450543"}],"wp:featuredmedia":[{"embeddable":true,"href":"https:\/\/tpohotelariaecasa.pt\/index.php\/wp-json\/wp\/v2\/media\/9450542"}],"wp:attachment":[{"href":"https:\/\/tpohotelariaecasa.pt\/index.php\/wp-json\/wp\/v2\/media?parent=9450543"}],"wp:term":[{"taxonomy":"product_cat","embeddable":true,"href":"https:\/\/tpohotelariaecasa.pt\/index.php\/wp-json\/wp\/v2\/product_cat?post=9450543"},{"taxonomy":"product_tag","embeddable":true,"href":"https:\/\/tpohotelariaecasa.pt\/index.php\/wp-json\/wp\/v2\/product_tag?post=9450543"}],"curies":[{"name":"wp","href":"https:\/\/api.w.org\/{rel}","templated":true}]}}