{"id":9450589,"date":"2024-01-16T11:36:59","date_gmt":"2024-01-16T11:36:59","guid":{"rendered":"https:\/\/tpohotelariaecasa.pt\/index.php\/product\/secador-eletrico-ihp250-11kg-easy-control\/"},"modified":"2025-03-26T14:42:04","modified_gmt":"2025-03-26T14:42:04","slug":"secador-eletrico-ihp250-11kg-easy-control","status":"publish","type":"product","link":"https:\/\/tpohotelariaecasa.pt\/index.php\/product\/secador-eletrico-ihp250-11kg-easy-control\/","title":{"rendered":"SECADOR ELETRICO IHP250 11KG EASY CONTROL"},"content":{"rendered":"<p>Bomba de calor Tambor em a\u00e7o inoxid\u00e1vel revers\u00edvel de grande di\u00e2metro Microprocessador de f\u00e1cil utiliza\u00e7\u00e3o (Easy) Circula\u00e7\u00e3o de ar combinado radial e axial: &#8211; Transfer\u00eancia m\u00e1xima de calor &#8211; Reduzido consumo de energ\u00eda &#8211; Tempos de secagem reduzidos Grande diametro e \u00e2ngulo de abertura da porta para f\u00e1cil carga e descarga da roupa Filtro de cot\u00e3o com autolimpeza <\/p>\n","protected":false},"excerpt":{"rendered":"<p>Bomba de calor Tambor em a\u00e7o inoxid\u00e1vel revers\u00edvel de grande di\u00e2metro Microprocessador de f\u00e1cil utiliza\u00e7\u00e3o (Easy) Circula\u00e7\u00e3o de ar combinado radial e axial: &#8211; Transfer\u00eancia m\u00e1xima de calor &#8211; Reduzido consumo de energ\u00eda &#8211; Tempos de secagem reduzidos Grande diametro e \u00e2ngulo de abertura da porta para f\u00e1cil carga e descarga da roupa Filtro de [&hellip;]<\/p>\n","protected":false},"featured_media":9450588,"comment_status":"open","ping_status":"closed","template":"","meta":[],"product_cat":[772],"product_tag":[],"class_list":["post-9450589","product","type-product","status-publish","has-post-thumbnail","hentry","product_cat-secador-industrial-com-bomba-de-calor-ihp","product_shipping_class-gph"],"_links":{"self":[{"href":"https:\/\/tpohotelariaecasa.pt\/index.php\/wp-json\/wp\/v2\/product\/9450589"}],"collection":[{"href":"https:\/\/tpohotelariaecasa.pt\/index.php\/wp-json\/wp\/v2\/product"}],"about":[{"href":"https:\/\/tpohotelariaecasa.pt\/index.php\/wp-json\/wp\/v2\/types\/product"}],"replies":[{"embeddable":true,"href":"https:\/\/tpohotelariaecasa.pt\/index.php\/wp-json\/wp\/v2\/comments?post=9450589"}],"wp:featuredmedia":[{"embeddable":true,"href":"https:\/\/tpohotelariaecasa.pt\/index.php\/wp-json\/wp\/v2\/media\/9450588"}],"wp:attachment":[{"href":"https:\/\/tpohotelariaecasa.pt\/index.php\/wp-json\/wp\/v2\/media?parent=9450589"}],"wp:term":[{"taxonomy":"product_cat","embeddable":true,"href":"https:\/\/tpohotelariaecasa.pt\/index.php\/wp-json\/wp\/v2\/product_cat?post=9450589"},{"taxonomy":"product_tag","embeddable":true,"href":"https:\/\/tpohotelariaecasa.pt\/index.php\/wp-json\/wp\/v2\/product_tag?post=9450589"}],"curies":[{"name":"wp","href":"https:\/\/api.w.org\/{rel}","templated":true}]}}