{"id":9450663,"date":"2024-01-16T11:37:46","date_gmt":"2024-01-16T11:37:46","guid":{"rendered":"https:\/\/tpohotelariaecasa.pt\/index.php\/product\/maquina-lavar-eletrica-boiler-iy80-8-9kg\/"},"modified":"2025-03-26T14:42:03","modified_gmt":"2025-03-26T14:42:03","slug":"maquina-lavar-eletrica-boiler-iy80-8-9kg","status":"publish","type":"product","link":"https:\/\/tpohotelariaecasa.pt\/index.php\/product\/maquina-lavar-eletrica-boiler-iy80-8-9kg\/","title":{"rendered":"MAQUINA LAVAR ELETRICA BOILER IY80 (8\/9KG)"},"content":{"rendered":"<p>Suspensa, alta centrifuga\u00e7\u00e3o Painel superior e frontal em a\u00e7o inoxid\u00e1vel, pain\u00e9is laterais pretos Tambor e cuba em a\u00e7o inoxid\u00e1vel Programador Aries &#8211; f\u00e1cil de utilizar Dispensador de detergente patenteado V\u00e1lvula de esgoto de grande di\u00e2metro (\u00d8 76 mm) F\u00e1cil acesso a todas as partes importantes atrav\u00e9s da parte frontal da m\u00e1quina Porta com grande \u00e2ngulo de abertura para facilitar a carga e descarga <\/p>\n","protected":false},"excerpt":{"rendered":"<p>Suspensa, alta centrifuga\u00e7\u00e3o Painel superior e frontal em a\u00e7o inoxid\u00e1vel, pain\u00e9is laterais pretos Tambor e cuba em a\u00e7o inoxid\u00e1vel Programador Aries &#8211; f\u00e1cil de utilizar Dispensador de detergente patenteado V\u00e1lvula de esgoto de grande di\u00e2metro (\u00d8 76 mm) F\u00e1cil acesso a todas as partes importantes atrav\u00e9s da parte frontal da m\u00e1quina Porta com grande \u00e2ngulo [&hellip;]<\/p>\n","protected":false},"featured_media":9450662,"comment_status":"open","ping_status":"closed","template":"","meta":[],"product_cat":[758],"product_tag":[],"class_list":["post-9450663","product","type-product","status-publish","has-post-thumbnail","hentry","product_cat-maquina-de-lavar-alta-centrifugacao-iy","product_shipping_class-gph"],"_links":{"self":[{"href":"https:\/\/tpohotelariaecasa.pt\/index.php\/wp-json\/wp\/v2\/product\/9450663"}],"collection":[{"href":"https:\/\/tpohotelariaecasa.pt\/index.php\/wp-json\/wp\/v2\/product"}],"about":[{"href":"https:\/\/tpohotelariaecasa.pt\/index.php\/wp-json\/wp\/v2\/types\/product"}],"replies":[{"embeddable":true,"href":"https:\/\/tpohotelariaecasa.pt\/index.php\/wp-json\/wp\/v2\/comments?post=9450663"}],"wp:featuredmedia":[{"embeddable":true,"href":"https:\/\/tpohotelariaecasa.pt\/index.php\/wp-json\/wp\/v2\/media\/9450662"}],"wp:attachment":[{"href":"https:\/\/tpohotelariaecasa.pt\/index.php\/wp-json\/wp\/v2\/media?parent=9450663"}],"wp:term":[{"taxonomy":"product_cat","embeddable":true,"href":"https:\/\/tpohotelariaecasa.pt\/index.php\/wp-json\/wp\/v2\/product_cat?post=9450663"},{"taxonomy":"product_tag","embeddable":true,"href":"https:\/\/tpohotelariaecasa.pt\/index.php\/wp-json\/wp\/v2\/product_tag?post=9450663"}],"curies":[{"name":"wp","href":"https:\/\/api.w.org\/{rel}","templated":true}]}}