{"id":9450689,"date":"2024-01-16T11:38:04","date_gmt":"2024-01-16T11:38:04","guid":{"rendered":"https:\/\/tpohotelariaecasa.pt\/index.php\/product\/maquina-lavar-elt-evolis-elite-iy45045kg-pre-vap\/"},"modified":"2025-03-26T14:42:03","modified_gmt":"2025-03-26T14:42:03","slug":"maquina-lavar-elt-evolis-elite-iy45045kg-pre-vap","status":"publish","type":"product","link":"https:\/\/tpohotelariaecasa.pt\/index.php\/product\/maquina-lavar-elt-evolis-elite-iy45045kg-pre-vap\/","title":{"rendered":"MAQUINA LAVAR ELT EVOLIS ELITE IY450(45KG) PRE VAP"},"content":{"rendered":"<p>\u2022 Suspensa, alta centrifuga\u00e7\u00e3o, painel superior e frontal em a\u00e7o inoxid\u00e1vel, pain\u00e9is laterais pretos, tambor e cuba em a\u00e7o inoxid\u00e1vel, f\u00e1cil de utilizar. \u2022 Velocidade de extra\u00e7\u00e3o de 360G. \u2022 Dispensador de detergente patenteado. \u2022 V\u00e1lvula de esgoto de grande di\u00e2metro (2 x \u00d8 76 mm). \u2022 F\u00e1cil acesso a todas as partes importantes atrav\u00e9s da parte frontal da m\u00e1quina. \u2022 Porta com grande \u00e2ngulo de abertura para facilitar a carga e descarga (\u00d8 54 cm). \u2022 Programador EVOLIS ELITE. \u2022 Ecr\u00e3 Touch a cores, de 7 polegadas, personaliz\u00e1vel e vis\u00edvel de qualquer \u00e2ngulo. \u2022 Interface de controlo, percet\u00edvel facilmente, l\u00edder de mercado, proporciona ao operador a ajuda necess\u00e1ria. \u2022 Instru\u00e7\u00f5es dispon\u00edveis em 34 l\u00ednguas, simplifica o funcionamento para os operadores que podem fazer qualquer sele\u00e7\u00e3o com dois toques no m\u00e1ximo. \u2022 20 programas de lavagem standard, capacidade total de mem\u00f3ria para 99 programas. \u2022 Programa\u00e7\u00e3o da m\u00e1quina acess\u00edvel atrav\u00e9s da Clloud, permite ao utilizador controlar a m\u00e1quina, remotamente no seu dispositivo m\u00f3vel. <\/p>\n","protected":false},"excerpt":{"rendered":"<p>\u2022 Suspensa, alta centrifuga\u00e7\u00e3o, painel superior e frontal em a\u00e7o inoxid\u00e1vel, pain\u00e9is laterais pretos, tambor e cuba em a\u00e7o inoxid\u00e1vel, f\u00e1cil de utilizar. \u2022 Velocidade de extra\u00e7\u00e3o de 360G. \u2022 Dispensador de detergente patenteado. \u2022 V\u00e1lvula de esgoto de grande di\u00e2metro (2 x \u00d8 76 mm). \u2022 F\u00e1cil acesso a todas as partes importantes atrav\u00e9s [&hellip;]<\/p>\n","protected":false},"featured_media":9450688,"comment_status":"open","ping_status":"closed","template":"","meta":[],"product_cat":[758],"product_tag":[],"class_list":["post-9450689","product","type-product","status-publish","has-post-thumbnail","hentry","product_cat-maquina-de-lavar-alta-centrifugacao-iy","product_shipping_class-gph"],"_links":{"self":[{"href":"https:\/\/tpohotelariaecasa.pt\/index.php\/wp-json\/wp\/v2\/product\/9450689"}],"collection":[{"href":"https:\/\/tpohotelariaecasa.pt\/index.php\/wp-json\/wp\/v2\/product"}],"about":[{"href":"https:\/\/tpohotelariaecasa.pt\/index.php\/wp-json\/wp\/v2\/types\/product"}],"replies":[{"embeddable":true,"href":"https:\/\/tpohotelariaecasa.pt\/index.php\/wp-json\/wp\/v2\/comments?post=9450689"}],"wp:featuredmedia":[{"embeddable":true,"href":"https:\/\/tpohotelariaecasa.pt\/index.php\/wp-json\/wp\/v2\/media\/9450688"}],"wp:attachment":[{"href":"https:\/\/tpohotelariaecasa.pt\/index.php\/wp-json\/wp\/v2\/media?parent=9450689"}],"wp:term":[{"taxonomy":"product_cat","embeddable":true,"href":"https:\/\/tpohotelariaecasa.pt\/index.php\/wp-json\/wp\/v2\/product_cat?post=9450689"},{"taxonomy":"product_tag","embeddable":true,"href":"https:\/\/tpohotelariaecasa.pt\/index.php\/wp-json\/wp\/v2\/product_tag?post=9450689"}],"curies":[{"name":"wp","href":"https:\/\/api.w.org\/{rel}","templated":true}]}}