{"id":9450693,"date":"2024-01-16T11:38:14","date_gmt":"2024-01-16T11:38:14","guid":{"rendered":"https:\/\/tpohotelariaecasa.pt\/index.php\/product\/maquina-lavar-elt-evolis-iy800-80-89kg-prep-vap\/"},"modified":"2025-03-26T14:42:03","modified_gmt":"2025-03-26T14:42:03","slug":"maquina-lavar-elt-evolis-iy800-80-89kg-prep-vap","status":"publish","type":"product","link":"https:\/\/tpohotelariaecasa.pt\/index.php\/product\/maquina-lavar-elt-evolis-iy800-80-89kg-prep-vap\/","title":{"rendered":"MAQUINA LAVAR ELT EVOLIS IY800 (80\/89KG) PREP VAP"},"content":{"rendered":"<p>\u2022 Suspensa, alta centrifuga\u00e7\u00e3o \u2022 Estrutura externa em a\u00e7o inox \u2022 Interior e exterior do tambor em a\u00e7o inox inoxid\u00e1vel. \u2022 Grande abertura da porta (\u00d8530mm). \u2022 Duas grandes v\u00e1lvulas de drenagem (\u00d8103mm). \u2022 F\u00e1cil acesso a todas as partes. \u2022 Porta USB \u2022 Conex\u00f5es para sab\u00e3o L\u00edquido standard \u2022 Motor el\u00e9trico com inversor de frequ\u00eancia \u2022 Dispensador de detergentes integrada com 5 compartimentos remov\u00edveis \u2022 Nervuras de levantamento perfuradas: maior a\u00e7\u00e3o mec\u00e2nica,menor consumo de \u00e1gua \u2022 Entrada de \u00e1gua accionada por ar. \u2022 Programas de lavagem ecol\u00f3gicos que reduzem consideravelmente o consumo de \u00e1gua e eletricidade \u2022 Conex\u00e3o de sab\u00e3o l\u00edquido: dosagem autom\u00e1tica \u2022 Sistema de pesagem manual \u2022 SmartWAVe: Sistema de consumo de energia otimizado para carga \u2022 Programador EVOLIS ELITE. \u2022 Comandos com tela sens\u00edvel ao toque de 7\u201d com nova conectividade e funcionalidades de acessibilidade de dados por meio da nuvem. \u2022 20 programas de lavagem standard, capacidade total de mem\u00f3ria para 99 programas. \u2022 Instru\u00e7\u00f5es passo a passo,dispon\u00edveis em 34 idiomas. <\/p>\n","protected":false},"excerpt":{"rendered":"<p>\u2022 Suspensa, alta centrifuga\u00e7\u00e3o \u2022 Estrutura externa em a\u00e7o inox \u2022 Interior e exterior do tambor em a\u00e7o inox inoxid\u00e1vel. \u2022 Grande abertura da porta (\u00d8530mm). \u2022 Duas grandes v\u00e1lvulas de drenagem (\u00d8103mm). \u2022 F\u00e1cil acesso a todas as partes. \u2022 Porta USB \u2022 Conex\u00f5es para sab\u00e3o L\u00edquido standard \u2022 Motor el\u00e9trico com inversor de [&hellip;]<\/p>\n","protected":false},"featured_media":9450692,"comment_status":"open","ping_status":"closed","template":"","meta":[],"product_cat":[758],"product_tag":[],"class_list":["post-9450693","product","type-product","status-publish","has-post-thumbnail","hentry","product_cat-maquina-de-lavar-alta-centrifugacao-iy","product_shipping_class-gph"],"_links":{"self":[{"href":"https:\/\/tpohotelariaecasa.pt\/index.php\/wp-json\/wp\/v2\/product\/9450693"}],"collection":[{"href":"https:\/\/tpohotelariaecasa.pt\/index.php\/wp-json\/wp\/v2\/product"}],"about":[{"href":"https:\/\/tpohotelariaecasa.pt\/index.php\/wp-json\/wp\/v2\/types\/product"}],"replies":[{"embeddable":true,"href":"https:\/\/tpohotelariaecasa.pt\/index.php\/wp-json\/wp\/v2\/comments?post=9450693"}],"wp:featuredmedia":[{"embeddable":true,"href":"https:\/\/tpohotelariaecasa.pt\/index.php\/wp-json\/wp\/v2\/media\/9450692"}],"wp:attachment":[{"href":"https:\/\/tpohotelariaecasa.pt\/index.php\/wp-json\/wp\/v2\/media?parent=9450693"}],"wp:term":[{"taxonomy":"product_cat","embeddable":true,"href":"https:\/\/tpohotelariaecasa.pt\/index.php\/wp-json\/wp\/v2\/product_cat?post=9450693"},{"taxonomy":"product_tag","embeddable":true,"href":"https:\/\/tpohotelariaecasa.pt\/index.php\/wp-json\/wp\/v2\/product_tag?post=9450693"}],"curies":[{"name":"wp","href":"https:\/\/api.w.org\/{rel}","templated":true}]}}