{"id":9450725,"date":"2024-01-16T11:38:48","date_gmt":"2024-01-16T11:38:48","guid":{"rendered":"https:\/\/tpohotelariaecasa.pt\/index.php\/product\/secador-eletrico-ndr10-10kg-230v-cinza\/"},"modified":"2025-03-26T14:42:03","modified_gmt":"2025-03-26T14:42:03","slug":"secador-eletrico-ndr10-10kg-230v-cinza","status":"publish","type":"product","link":"https:\/\/tpohotelariaecasa.pt\/index.php\/product\/secador-eletrico-ndr10-10kg-230v-cinza\/","title":{"rendered":"SECADOR ELETRICO NDR10 10KG 230V CINZA"},"content":{"rendered":"<p>Paineis externos em cor cinza; Tambor em a\u00e7o galvanizado; Abertura da porta at\u00e9 180\u00b0; Ventilador de evacua\u00e7\u00e3o que permite redu\u00e7\u00e3o dos tempos de secagem; 5 programas de secagem. <\/p>\n","protected":false},"excerpt":{"rendered":"<p>Paineis externos em cor cinza; Tambor em a\u00e7o galvanizado; Abertura da porta at\u00e9 180\u00b0; Ventilador de evacua\u00e7\u00e3o que permite redu\u00e7\u00e3o dos tempos de secagem; 5 programas de secagem.<\/p>\n","protected":false},"featured_media":9450724,"comment_status":"open","ping_status":"closed","template":"","meta":[],"product_cat":[764],"product_tag":[],"class_list":["post-9450725","product","type-product","status-publish","has-post-thumbnail","hentry","product_cat-maquina-de-lavar-semi-profissional","product_shipping_class-gph"],"_links":{"self":[{"href":"https:\/\/tpohotelariaecasa.pt\/index.php\/wp-json\/wp\/v2\/product\/9450725"}],"collection":[{"href":"https:\/\/tpohotelariaecasa.pt\/index.php\/wp-json\/wp\/v2\/product"}],"about":[{"href":"https:\/\/tpohotelariaecasa.pt\/index.php\/wp-json\/wp\/v2\/types\/product"}],"replies":[{"embeddable":true,"href":"https:\/\/tpohotelariaecasa.pt\/index.php\/wp-json\/wp\/v2\/comments?post=9450725"}],"wp:featuredmedia":[{"embeddable":true,"href":"https:\/\/tpohotelariaecasa.pt\/index.php\/wp-json\/wp\/v2\/media\/9450724"}],"wp:attachment":[{"href":"https:\/\/tpohotelariaecasa.pt\/index.php\/wp-json\/wp\/v2\/media?parent=9450725"}],"wp:term":[{"taxonomy":"product_cat","embeddable":true,"href":"https:\/\/tpohotelariaecasa.pt\/index.php\/wp-json\/wp\/v2\/product_cat?post=9450725"},{"taxonomy":"product_tag","embeddable":true,"href":"https:\/\/tpohotelariaecasa.pt\/index.php\/wp-json\/wp\/v2\/product_tag?post=9450725"}],"curies":[{"name":"wp","href":"https:\/\/api.w.org\/{rel}","templated":true}]}}