{"id":9450729,"date":"2024-01-16T11:38:51","date_gmt":"2024-01-16T11:38:51","guid":{"rendered":"https:\/\/tpohotelariaecasa.pt\/index.php\/product\/secador-gas-dd10-10kg\/"},"modified":"2025-03-26T14:42:03","modified_gmt":"2025-03-26T14:42:03","slug":"secador-gas-dd10-10kg","status":"publish","type":"product","link":"https:\/\/tpohotelariaecasa.pt\/index.php\/product\/secador-gas-dd10-10kg\/","title":{"rendered":"SECADOR GAS DD10 10KG"},"content":{"rendered":"<p>Os pain\u00e9is externos s\u00e3o fornecidos de s\u00e9rie em branco Tambor em a\u00e7o galvanizado Abertura da porta at\u00e9 180\u00b0 para carga e descarga f\u00e1cil Filtro de fiapos largo colocado \u00e0 frente para uma limpeza f\u00e1cil Ventilador de evacua\u00e7\u00e3o que permite redu\u00e7\u00e3o dos tempos de secagem e custos 5 programas de secagem. <\/p>\n","protected":false},"excerpt":{"rendered":"<p>Os pain\u00e9is externos s\u00e3o fornecidos de s\u00e9rie em branco Tambor em a\u00e7o galvanizado Abertura da porta at\u00e9 180\u00b0 para carga e descarga f\u00e1cil Filtro de fiapos largo colocado \u00e0 frente para uma limpeza f\u00e1cil Ventilador de evacua\u00e7\u00e3o que permite redu\u00e7\u00e3o dos tempos de secagem e custos 5 programas de secagem.<\/p>\n","protected":false},"featured_media":9450728,"comment_status":"open","ping_status":"closed","template":"","meta":[],"product_cat":[764],"product_tag":[],"class_list":["post-9450729","product","type-product","status-publish","has-post-thumbnail","hentry","product_cat-maquina-de-lavar-semi-profissional","product_shipping_class-gph"],"_links":{"self":[{"href":"https:\/\/tpohotelariaecasa.pt\/index.php\/wp-json\/wp\/v2\/product\/9450729"}],"collection":[{"href":"https:\/\/tpohotelariaecasa.pt\/index.php\/wp-json\/wp\/v2\/product"}],"about":[{"href":"https:\/\/tpohotelariaecasa.pt\/index.php\/wp-json\/wp\/v2\/types\/product"}],"replies":[{"embeddable":true,"href":"https:\/\/tpohotelariaecasa.pt\/index.php\/wp-json\/wp\/v2\/comments?post=9450729"}],"wp:featuredmedia":[{"embeddable":true,"href":"https:\/\/tpohotelariaecasa.pt\/index.php\/wp-json\/wp\/v2\/media\/9450728"}],"wp:attachment":[{"href":"https:\/\/tpohotelariaecasa.pt\/index.php\/wp-json\/wp\/v2\/media?parent=9450729"}],"wp:term":[{"taxonomy":"product_cat","embeddable":true,"href":"https:\/\/tpohotelariaecasa.pt\/index.php\/wp-json\/wp\/v2\/product_cat?post=9450729"},{"taxonomy":"product_tag","embeddable":true,"href":"https:\/\/tpohotelariaecasa.pt\/index.php\/wp-json\/wp\/v2\/product_tag?post=9450729"}],"curies":[{"name":"wp","href":"https:\/\/api.w.org\/{rel}","templated":true}]}}