{"id":9450731,"date":"2024-01-16T11:38:53","date_gmt":"2024-01-16T11:38:53","guid":{"rendered":"https:\/\/tpohotelariaecasa.pt\/index.php\/product\/secador-gas-ndr10-10kg-230v-cinza\/"},"modified":"2025-03-26T14:42:02","modified_gmt":"2025-03-26T14:42:02","slug":"secador-gas-ndr10-10kg-230v-cinza","status":"publish","type":"product","link":"https:\/\/tpohotelariaecasa.pt\/index.php\/product\/secador-gas-ndr10-10kg-230v-cinza\/","title":{"rendered":"SECADOR GAS NDR10 10KG 230V CINZA"},"content":{"rendered":"<p>Os pain\u00e9is externos s\u00e3o fornecidos de s\u00e9rie em cor cinza Tambor em a\u00e7o galvanizado Abertura da porta at\u00e9 180\u00b0 para carga e descarga f\u00e1cil Filtro de fiapos largo colocado \u00e0 frente para uma limpeza f\u00e1cil Ventilador de evacua\u00e7\u00e3o que permite redu\u00e7\u00e3o dos tempos de secagem e custos 5 programas de secagem. <\/p>\n","protected":false},"excerpt":{"rendered":"<p>Os pain\u00e9is externos s\u00e3o fornecidos de s\u00e9rie em cor cinza Tambor em a\u00e7o galvanizado Abertura da porta at\u00e9 180\u00b0 para carga e descarga f\u00e1cil Filtro de fiapos largo colocado \u00e0 frente para uma limpeza f\u00e1cil Ventilador de evacua\u00e7\u00e3o que permite redu\u00e7\u00e3o dos tempos de secagem e custos 5 programas de secagem.<\/p>\n","protected":false},"featured_media":9450730,"comment_status":"open","ping_status":"closed","template":"","meta":[],"product_cat":[764],"product_tag":[],"class_list":["post-9450731","product","type-product","status-publish","has-post-thumbnail","hentry","product_cat-maquina-de-lavar-semi-profissional","product_shipping_class-gph"],"_links":{"self":[{"href":"https:\/\/tpohotelariaecasa.pt\/index.php\/wp-json\/wp\/v2\/product\/9450731"}],"collection":[{"href":"https:\/\/tpohotelariaecasa.pt\/index.php\/wp-json\/wp\/v2\/product"}],"about":[{"href":"https:\/\/tpohotelariaecasa.pt\/index.php\/wp-json\/wp\/v2\/types\/product"}],"replies":[{"embeddable":true,"href":"https:\/\/tpohotelariaecasa.pt\/index.php\/wp-json\/wp\/v2\/comments?post=9450731"}],"wp:featuredmedia":[{"embeddable":true,"href":"https:\/\/tpohotelariaecasa.pt\/index.php\/wp-json\/wp\/v2\/media\/9450730"}],"wp:attachment":[{"href":"https:\/\/tpohotelariaecasa.pt\/index.php\/wp-json\/wp\/v2\/media?parent=9450731"}],"wp:term":[{"taxonomy":"product_cat","embeddable":true,"href":"https:\/\/tpohotelariaecasa.pt\/index.php\/wp-json\/wp\/v2\/product_cat?post=9450731"},{"taxonomy":"product_tag","embeddable":true,"href":"https:\/\/tpohotelariaecasa.pt\/index.php\/wp-json\/wp\/v2\/product_tag?post=9450731"}],"curies":[{"name":"wp","href":"https:\/\/api.w.org\/{rel}","templated":true}]}}