{"id":9450741,"date":"2024-01-16T11:39:02","date_gmt":"2024-01-16T11:39:02","guid":{"rendered":"https:\/\/tpohotelariaecasa.pt\/index.php\/product\/calandra-i25-140\/"},"modified":"2025-03-26T14:42:02","modified_gmt":"2025-03-26T14:42:02","slug":"calandra-i25-140","status":"publish","type":"product","link":"https:\/\/tpohotelariaecasa.pt\/index.php\/product\/calandra-i25-140\/","title":{"rendered":"CALANDRA I25-140"},"content":{"rendered":"<p>Design atractivo Prote\u00e7\u00e3o padr\u00e3o protetor de dedo Quando aut\u00f3noma, o dispositivo desliga-se automaticamente Redu\u00e7\u00e3o do n\u00famero de pe\u00e7as mec\u00e2nicas que se deslocam para um menor custo de manuten\u00e7\u00e3o Press\u00e3o engomar homog\u00eanea para garantir um engomar de qualidade Regula\u00e7\u00e3o Pid da temperatura controlada oferecendo melhor distribui\u00e7\u00e3o de temperatura e consumo de energia reduzido Elementos de aquecimento de longa dura\u00e7\u00e3o Perfil de alum\u00ednio extrudado anodizado evitando a perda da temperatura e garantindo qualidade superior ao engomar Todos os componentes vitais s\u00e3o facilmente acess\u00edveis Pedal Start \/ stop Cobertura de topo nomex padr\u00e3o Parte traseira da bacia \u00e9 isolada com 25 mil\u00edmetros de l\u00e3 cer\u00e2mica Sem desperd\u00edcio de energia R\u00e1pido aumento de temperatura <\/p>\n","protected":false},"excerpt":{"rendered":"<p>Design atractivo Prote\u00e7\u00e3o padr\u00e3o protetor de dedo Quando aut\u00f3noma, o dispositivo desliga-se automaticamente Redu\u00e7\u00e3o do n\u00famero de pe\u00e7as mec\u00e2nicas que se deslocam para um menor custo de manuten\u00e7\u00e3o Press\u00e3o engomar homog\u00eanea para garantir um engomar de qualidade Regula\u00e7\u00e3o Pid da temperatura controlada oferecendo melhor distribui\u00e7\u00e3o de temperatura e consumo de energia reduzido Elementos de aquecimento [&hellip;]<\/p>\n","protected":false},"featured_media":9450740,"comment_status":"open","ping_status":"closed","template":"","meta":[],"product_cat":[750],"product_tag":[],"class_list":["post-9450741","product","type-product","status-publish","has-post-thumbnail","hentry","product_cat-calandra-passadora","product_shipping_class-gph"],"_links":{"self":[{"href":"https:\/\/tpohotelariaecasa.pt\/index.php\/wp-json\/wp\/v2\/product\/9450741"}],"collection":[{"href":"https:\/\/tpohotelariaecasa.pt\/index.php\/wp-json\/wp\/v2\/product"}],"about":[{"href":"https:\/\/tpohotelariaecasa.pt\/index.php\/wp-json\/wp\/v2\/types\/product"}],"replies":[{"embeddable":true,"href":"https:\/\/tpohotelariaecasa.pt\/index.php\/wp-json\/wp\/v2\/comments?post=9450741"}],"wp:featuredmedia":[{"embeddable":true,"href":"https:\/\/tpohotelariaecasa.pt\/index.php\/wp-json\/wp\/v2\/media\/9450740"}],"wp:attachment":[{"href":"https:\/\/tpohotelariaecasa.pt\/index.php\/wp-json\/wp\/v2\/media?parent=9450741"}],"wp:term":[{"taxonomy":"product_cat","embeddable":true,"href":"https:\/\/tpohotelariaecasa.pt\/index.php\/wp-json\/wp\/v2\/product_cat?post=9450741"},{"taxonomy":"product_tag","embeddable":true,"href":"https:\/\/tpohotelariaecasa.pt\/index.php\/wp-json\/wp\/v2\/product_tag?post=9450741"}],"curies":[{"name":"wp","href":"https:\/\/api.w.org\/{rel}","templated":true}]}}