{"id":9450763,"date":"2024-01-16T11:39:40","date_gmt":"2024-01-16T11:39:40","guid":{"rendered":"https:\/\/tpohotelariaecasa.pt\/index.php\/product\/calandra-passadora-udc-25-140v\/"},"modified":"2025-03-26T14:42:02","modified_gmt":"2025-03-26T14:42:02","slug":"calandra-passadora-udc-25-140v","status":"publish","type":"product","link":"https:\/\/tpohotelariaecasa.pt\/index.php\/product\/calandra-passadora-udc-25-140v\/","title":{"rendered":"CALANDRA PASSADORA UDC 25\/140V"},"content":{"rendered":"<p>Superf\u00edcie de passagem em cromo-duro com garantia contra corros\u00e3o de 2 anos. A melhor op\u00e7\u00e3o para engomadoria industrial. \u00d3tima resist\u00eancia \u00e0 fric\u00e7\u00e3o e garantia de temperatura quando o tecido entra h\u00famido. Comandos eletromec\u00e2nicos simples de reparar e com acess\u00f3rios compat\u00edveis com mercado local. Corte autom\u00e1tico do aquecimento em caso de sobreaquecimento. Mesa de entrada em alum\u00ednio, de f\u00e1cil limpeza e com um perfil que garante uma entrada suave dos tecidos. Pedal de trabalho intuitivo, apenas uma ligeira press\u00e3o para iniciar e parar o equipamento. Velocidade de passagem vari\u00e1vel M\u00e1xima seguran\u00e7a Design simples <\/p>\n","protected":false},"excerpt":{"rendered":"<p>Superf\u00edcie de passagem em cromo-duro com garantia contra corros\u00e3o de 2 anos. A melhor op\u00e7\u00e3o para engomadoria industrial. \u00d3tima resist\u00eancia \u00e0 fric\u00e7\u00e3o e garantia de temperatura quando o tecido entra h\u00famido. Comandos eletromec\u00e2nicos simples de reparar e com acess\u00f3rios compat\u00edveis com mercado local. Corte autom\u00e1tico do aquecimento em caso de sobreaquecimento. Mesa de entrada em [&hellip;]<\/p>\n","protected":false},"featured_media":9450762,"comment_status":"open","ping_status":"closed","template":"","meta":[],"product_cat":[750],"product_tag":[],"class_list":["post-9450763","product","type-product","status-publish","has-post-thumbnail","hentry","product_cat-calandra-passadora","product_shipping_class-gph"],"_links":{"self":[{"href":"https:\/\/tpohotelariaecasa.pt\/index.php\/wp-json\/wp\/v2\/product\/9450763"}],"collection":[{"href":"https:\/\/tpohotelariaecasa.pt\/index.php\/wp-json\/wp\/v2\/product"}],"about":[{"href":"https:\/\/tpohotelariaecasa.pt\/index.php\/wp-json\/wp\/v2\/types\/product"}],"replies":[{"embeddable":true,"href":"https:\/\/tpohotelariaecasa.pt\/index.php\/wp-json\/wp\/v2\/comments?post=9450763"}],"wp:featuredmedia":[{"embeddable":true,"href":"https:\/\/tpohotelariaecasa.pt\/index.php\/wp-json\/wp\/v2\/media\/9450762"}],"wp:attachment":[{"href":"https:\/\/tpohotelariaecasa.pt\/index.php\/wp-json\/wp\/v2\/media?parent=9450763"}],"wp:term":[{"taxonomy":"product_cat","embeddable":true,"href":"https:\/\/tpohotelariaecasa.pt\/index.php\/wp-json\/wp\/v2\/product_cat?post=9450763"},{"taxonomy":"product_tag","embeddable":true,"href":"https:\/\/tpohotelariaecasa.pt\/index.php\/wp-json\/wp\/v2\/product_tag?post=9450763"}],"curies":[{"name":"wp","href":"https:\/\/api.w.org\/{rel}","templated":true}]}}