{"id":9450777,"date":"2024-01-16T11:40:02","date_gmt":"2024-01-16T11:40:02","guid":{"rendered":"https:\/\/tpohotelariaecasa.pt\/index.php\/product\/calandra-fcif2000-500-vapor-50kg-h\/"},"modified":"2025-03-26T14:42:02","modified_gmt":"2025-03-26T14:42:02","slug":"calandra-fcif2000-500-vapor-50kg-h","status":"publish","type":"product","link":"https:\/\/tpohotelariaecasa.pt\/index.php\/product\/calandra-fcif2000-500-vapor-50kg-h\/","title":{"rendered":"CALANDRA FCIF2000\/500 VAPOR 50KG\/H"},"content":{"rendered":"<p>Dobradora longitudinal &#8211; entrada e saida de roupa frontal Grande superf\u00edcie de contacto entre o cilindro e a roupa com um \u00e2ngulo de 300\u00b0 Prote\u00e7\u00e3o dos dedos e bot\u00e3o de emerg\u00eancia para maior seguran\u00e7a Cintas de passagem NOMEX dur\u00e1veis Arrefecimento autom\u00e1tico Microprocesador de f\u00e1cil manejo com 20 programas Indicador de velocidade de passagem e de temperatura Possibilidade de inverter a dire\u00e7\u00e3o do cilindro Variadas configura\u00e7\u00f5es de dobragem Motor accionado por variador de frequ\u00eancia Filtros de p\u00f3 de f\u00e1cil extra\u00e7\u00e3o Barra antiest\u00e1tica Sistema de dobragem com menor manuten\u00e7\u00e3o (sem cintas ou rolos) <\/p>\n","protected":false},"excerpt":{"rendered":"<p>Dobradora longitudinal &#8211; entrada e saida de roupa frontal Grande superf\u00edcie de contacto entre o cilindro e a roupa com um \u00e2ngulo de 300\u00b0 Prote\u00e7\u00e3o dos dedos e bot\u00e3o de emerg\u00eancia para maior seguran\u00e7a Cintas de passagem NOMEX dur\u00e1veis Arrefecimento autom\u00e1tico Microprocesador de f\u00e1cil manejo com 20 programas Indicador de velocidade de passagem e de [&hellip;]<\/p>\n","protected":false},"featured_media":9450776,"comment_status":"open","ping_status":"closed","template":"","meta":[],"product_cat":[752],"product_tag":[],"class_list":["post-9450777","product","type-product","status-publish","has-post-thumbnail","hentry","product_cat-calandra-secadora-passadora-e-dobradora","product_shipping_class-gph"],"_links":{"self":[{"href":"https:\/\/tpohotelariaecasa.pt\/index.php\/wp-json\/wp\/v2\/product\/9450777"}],"collection":[{"href":"https:\/\/tpohotelariaecasa.pt\/index.php\/wp-json\/wp\/v2\/product"}],"about":[{"href":"https:\/\/tpohotelariaecasa.pt\/index.php\/wp-json\/wp\/v2\/types\/product"}],"replies":[{"embeddable":true,"href":"https:\/\/tpohotelariaecasa.pt\/index.php\/wp-json\/wp\/v2\/comments?post=9450777"}],"wp:featuredmedia":[{"embeddable":true,"href":"https:\/\/tpohotelariaecasa.pt\/index.php\/wp-json\/wp\/v2\/media\/9450776"}],"wp:attachment":[{"href":"https:\/\/tpohotelariaecasa.pt\/index.php\/wp-json\/wp\/v2\/media?parent=9450777"}],"wp:term":[{"taxonomy":"product_cat","embeddable":true,"href":"https:\/\/tpohotelariaecasa.pt\/index.php\/wp-json\/wp\/v2\/product_cat?post=9450777"},{"taxonomy":"product_tag","embeddable":true,"href":"https:\/\/tpohotelariaecasa.pt\/index.php\/wp-json\/wp\/v2\/product_tag?post=9450777"}],"curies":[{"name":"wp","href":"https:\/\/api.w.org\/{rel}","templated":true}]}}