{"id":9450793,"date":"2024-01-16T11:40:15","date_gmt":"2024-01-16T11:40:15","guid":{"rendered":"https:\/\/tpohotelariaecasa.pt\/index.php\/product\/calandra-fciff2000-500-gas-50kg-h\/"},"modified":"2025-03-26T14:42:02","modified_gmt":"2025-03-26T14:42:02","slug":"calandra-fciff2000-500-gas-50kg-h","status":"publish","type":"product","link":"https:\/\/tpohotelariaecasa.pt\/index.php\/product\/calandra-fciff2000-500-gas-50kg-h\/","title":{"rendered":"CALANDRA FCIFF2000\/500 GAS 50KG\/H"},"content":{"rendered":"<p>Dobradora longitudinal &#8211; entrada frontal e sa\u00edda frontal ou traseira Grande superf\u00edcie de contacto com roupa sobre num \u00e2ngulo de 300 \u00b0 Prote\u00e7\u00e3o dos dedos e bot\u00e3o de emerg\u00eancia para maior seguran\u00e7a Cintas de passagem NOMEX dur\u00e1veis Arrefecimento autom\u00e1tico Programador F\u00e1cil de operar: 20 programas pr\u00e9-definidos para passar roupa Indica\u00e7\u00e3o de velocidade de engomar e temperatura Possibilidade de inverter a dire\u00e7\u00e3o do cilindro Configura\u00e7\u00f5es vari\u00e1veis para dobrar Built-in sistema de alimenta\u00e7\u00e3o e dobragem comprimento Frequ\u00eancia do motor controlado Filtros de p\u00f3 de f\u00e1cil extra\u00e7\u00e3o Barra anti-est\u00e1tica padr\u00e3o Sistema de dobragem requer menos manuten\u00e7\u00e3o (sem fitas e rolos) Aquecimento el\u00e9ctrico, g\u00e1s ou vapor <\/p>\n","protected":false},"excerpt":{"rendered":"<p>Dobradora longitudinal &#8211; entrada frontal e sa\u00edda frontal ou traseira Grande superf\u00edcie de contacto com roupa sobre num \u00e2ngulo de 300 \u00b0 Prote\u00e7\u00e3o dos dedos e bot\u00e3o de emerg\u00eancia para maior seguran\u00e7a Cintas de passagem NOMEX dur\u00e1veis Arrefecimento autom\u00e1tico Programador F\u00e1cil de operar: 20 programas pr\u00e9-definidos para passar roupa Indica\u00e7\u00e3o de velocidade de engomar e [&hellip;]<\/p>\n","protected":false},"featured_media":9450792,"comment_status":"open","ping_status":"closed","template":"","meta":[],"product_cat":[749],"product_tag":[],"class_list":["post-9450793","product","type-product","status-publish","has-post-thumbnail","hentry","product_cat-calandra-introdutorasecadora-passadora-e-dobradora","product_shipping_class-gph"],"_links":{"self":[{"href":"https:\/\/tpohotelariaecasa.pt\/index.php\/wp-json\/wp\/v2\/product\/9450793"}],"collection":[{"href":"https:\/\/tpohotelariaecasa.pt\/index.php\/wp-json\/wp\/v2\/product"}],"about":[{"href":"https:\/\/tpohotelariaecasa.pt\/index.php\/wp-json\/wp\/v2\/types\/product"}],"replies":[{"embeddable":true,"href":"https:\/\/tpohotelariaecasa.pt\/index.php\/wp-json\/wp\/v2\/comments?post=9450793"}],"wp:featuredmedia":[{"embeddable":true,"href":"https:\/\/tpohotelariaecasa.pt\/index.php\/wp-json\/wp\/v2\/media\/9450792"}],"wp:attachment":[{"href":"https:\/\/tpohotelariaecasa.pt\/index.php\/wp-json\/wp\/v2\/media?parent=9450793"}],"wp:term":[{"taxonomy":"product_cat","embeddable":true,"href":"https:\/\/tpohotelariaecasa.pt\/index.php\/wp-json\/wp\/v2\/product_cat?post=9450793"},{"taxonomy":"product_tag","embeddable":true,"href":"https:\/\/tpohotelariaecasa.pt\/index.php\/wp-json\/wp\/v2\/product_tag?post=9450793"}],"curies":[{"name":"wp","href":"https:\/\/api.w.org\/{rel}","templated":true}]}}