{"id":9450817,"date":"2024-01-16T11:40:30","date_gmt":"2024-01-16T11:40:30","guid":{"rendered":"https:\/\/tpohotelariaecasa.pt\/index.php\/product\/encapadora-manual-udimedusa-fixar-a-parede\/"},"modified":"2025-03-26T14:42:01","modified_gmt":"2025-03-26T14:42:01","slug":"encapadora-manual-udimedusa-fixar-a-parede","status":"publish","type":"product","link":"https:\/\/tpohotelariaecasa.pt\/index.php\/product\/encapadora-manual-udimedusa-fixar-a-parede\/","title":{"rendered":"ENCAPADORA MANUAL UDIMEDUSA FIXAR A PAREDE"},"content":{"rendered":"<p>Uma m\u00e1quina de embalagem de fixar \u00e0 parede permite embalar roupas ou outros objetos em sacos pl\u00e1sticos de forma r\u00e1pida e eficiente. Controlo eletr\u00f3nico. Consumo reduzido de energia. <\/p>\n","protected":false},"excerpt":{"rendered":"<p>Uma m\u00e1quina de embalagem de fixar \u00e0 parede permite embalar roupas ou outros objetos em sacos pl\u00e1sticos de forma r\u00e1pida e eficiente. Controlo eletr\u00f3nico. Consumo reduzido de energia.<\/p>\n","protected":false},"featured_media":9450816,"comment_status":"open","ping_status":"closed","template":"","meta":[],"product_cat":[765],"product_tag":[],"class_list":["post-9450817","product","type-product","status-publish","has-post-thumbnail","hentry","product_cat-maquina-industrial-textil-e-lavandaria","product_shipping_class-gph"],"_links":{"self":[{"href":"https:\/\/tpohotelariaecasa.pt\/index.php\/wp-json\/wp\/v2\/product\/9450817"}],"collection":[{"href":"https:\/\/tpohotelariaecasa.pt\/index.php\/wp-json\/wp\/v2\/product"}],"about":[{"href":"https:\/\/tpohotelariaecasa.pt\/index.php\/wp-json\/wp\/v2\/types\/product"}],"replies":[{"embeddable":true,"href":"https:\/\/tpohotelariaecasa.pt\/index.php\/wp-json\/wp\/v2\/comments?post=9450817"}],"wp:featuredmedia":[{"embeddable":true,"href":"https:\/\/tpohotelariaecasa.pt\/index.php\/wp-json\/wp\/v2\/media\/9450816"}],"wp:attachment":[{"href":"https:\/\/tpohotelariaecasa.pt\/index.php\/wp-json\/wp\/v2\/media?parent=9450817"}],"wp:term":[{"taxonomy":"product_cat","embeddable":true,"href":"https:\/\/tpohotelariaecasa.pt\/index.php\/wp-json\/wp\/v2\/product_cat?post=9450817"},{"taxonomy":"product_tag","embeddable":true,"href":"https:\/\/tpohotelariaecasa.pt\/index.php\/wp-json\/wp\/v2\/product_tag?post=9450817"}],"curies":[{"name":"wp","href":"https:\/\/api.w.org\/{rel}","templated":true}]}}