{"id":9450819,"date":"2024-01-16T11:40:35","date_gmt":"2024-01-16T11:40:35","guid":{"rendered":"https:\/\/tpohotelariaecasa.pt\/index.php\/product\/encapadora-pneumatica-udipmedusa-com-suporte\/"},"modified":"2025-03-26T14:42:01","modified_gmt":"2025-03-26T14:42:01","slug":"encapadora-pneumatica-udipmedusa-com-suporte","status":"publish","type":"product","link":"https:\/\/tpohotelariaecasa.pt\/index.php\/product\/encapadora-pneumatica-udipmedusa-com-suporte\/","title":{"rendered":"ENCAPADORA PNEUMATICA UDIPMEDUSA COM SUPORTE"},"content":{"rendered":"<p>M\u00e1quina com suporte ajust\u00e1vel em altura que permite embalar roupas, len\u00e7\u00f3is, toalhas e outros produtos t\u00eaxteis em sacos pl\u00e1sticos de forma r\u00e1pida e f\u00e1cil Controle eletr\u00f4nico, baixo consumo de energia altura. A m\u00e1quina tem um sistema de suc\u00e7\u00e3o que extrai o ar do saco, reduzindo o volume das pe\u00e7as ensacadas. <\/p>\n","protected":false},"excerpt":{"rendered":"<p>M\u00e1quina com suporte ajust\u00e1vel em altura que permite embalar roupas, len\u00e7\u00f3is, toalhas e outros produtos t\u00eaxteis em sacos pl\u00e1sticos de forma r\u00e1pida e f\u00e1cil Controle eletr\u00f4nico, baixo consumo de energia altura. A m\u00e1quina tem um sistema de suc\u00e7\u00e3o que extrai o ar do saco, reduzindo o volume das pe\u00e7as ensacadas.<\/p>\n","protected":false},"featured_media":9450818,"comment_status":"open","ping_status":"closed","template":"","meta":[],"product_cat":[765],"product_tag":[],"class_list":["post-9450819","product","type-product","status-publish","has-post-thumbnail","hentry","product_cat-maquina-industrial-textil-e-lavandaria","product_shipping_class-gph"],"_links":{"self":[{"href":"https:\/\/tpohotelariaecasa.pt\/index.php\/wp-json\/wp\/v2\/product\/9450819"}],"collection":[{"href":"https:\/\/tpohotelariaecasa.pt\/index.php\/wp-json\/wp\/v2\/product"}],"about":[{"href":"https:\/\/tpohotelariaecasa.pt\/index.php\/wp-json\/wp\/v2\/types\/product"}],"replies":[{"embeddable":true,"href":"https:\/\/tpohotelariaecasa.pt\/index.php\/wp-json\/wp\/v2\/comments?post=9450819"}],"wp:featuredmedia":[{"embeddable":true,"href":"https:\/\/tpohotelariaecasa.pt\/index.php\/wp-json\/wp\/v2\/media\/9450818"}],"wp:attachment":[{"href":"https:\/\/tpohotelariaecasa.pt\/index.php\/wp-json\/wp\/v2\/media?parent=9450819"}],"wp:term":[{"taxonomy":"product_cat","embeddable":true,"href":"https:\/\/tpohotelariaecasa.pt\/index.php\/wp-json\/wp\/v2\/product_cat?post=9450819"},{"taxonomy":"product_tag","embeddable":true,"href":"https:\/\/tpohotelariaecasa.pt\/index.php\/wp-json\/wp\/v2\/product_tag?post=9450819"}],"curies":[{"name":"wp","href":"https:\/\/api.w.org\/{rel}","templated":true}]}}