{"id":9450839,"date":"2024-01-16T11:41:06","date_gmt":"2024-01-16T11:41:06","guid":{"rendered":"https:\/\/tpohotelariaecasa.pt\/index.php\/product\/prensa-universal-stiro-asp-pneumatica-unid-aspir\/"},"modified":"2025-03-26T14:42:01","modified_gmt":"2025-03-26T14:42:01","slug":"prensa-universal-stiro-asp-pneumatica-unid-aspir","status":"publish","type":"product","link":"https:\/\/tpohotelariaecasa.pt\/index.php\/product\/prensa-universal-stiro-asp-pneumatica-unid-aspir\/","title":{"rendered":"PRENSA UNIVERSAL STIRO\/ASP PNEUMATICA UNID.ASPIR."},"content":{"rendered":"<p>Prensas pneum\u00e1ticas com vapor e v\u00e1cuo para casacos, sobretudos e cal\u00e7as, etc; Press\u00e3o da prensa ajust\u00e1vel, com quantidade de press\u00e3o program\u00e1vel; Arma\u00e7\u00e3o de prote\u00e7\u00e3o e seguran\u00e7a; Sistema de ar comprimido; Gerador de vapor el\u00e9trico autom\u00e1tico <\/p>\n","protected":false},"excerpt":{"rendered":"<p>Prensas pneum\u00e1ticas com vapor e v\u00e1cuo para casacos, sobretudos e cal\u00e7as, etc; Press\u00e3o da prensa ajust\u00e1vel, com quantidade de press\u00e3o program\u00e1vel; Arma\u00e7\u00e3o de prote\u00e7\u00e3o e seguran\u00e7a; Sistema de ar comprimido; Gerador de vapor el\u00e9trico autom\u00e1tico<\/p>\n","protected":false},"featured_media":9450838,"comment_status":"open","ping_status":"closed","template":"","meta":[],"product_cat":[765],"product_tag":[],"class_list":["post-9450839","product","type-product","status-publish","has-post-thumbnail","hentry","product_cat-maquina-industrial-textil-e-lavandaria","product_shipping_class-gph"],"_links":{"self":[{"href":"https:\/\/tpohotelariaecasa.pt\/index.php\/wp-json\/wp\/v2\/product\/9450839"}],"collection":[{"href":"https:\/\/tpohotelariaecasa.pt\/index.php\/wp-json\/wp\/v2\/product"}],"about":[{"href":"https:\/\/tpohotelariaecasa.pt\/index.php\/wp-json\/wp\/v2\/types\/product"}],"replies":[{"embeddable":true,"href":"https:\/\/tpohotelariaecasa.pt\/index.php\/wp-json\/wp\/v2\/comments?post=9450839"}],"wp:featuredmedia":[{"embeddable":true,"href":"https:\/\/tpohotelariaecasa.pt\/index.php\/wp-json\/wp\/v2\/media\/9450838"}],"wp:attachment":[{"href":"https:\/\/tpohotelariaecasa.pt\/index.php\/wp-json\/wp\/v2\/media?parent=9450839"}],"wp:term":[{"taxonomy":"product_cat","embeddable":true,"href":"https:\/\/tpohotelariaecasa.pt\/index.php\/wp-json\/wp\/v2\/product_cat?post=9450839"},{"taxonomy":"product_tag","embeddable":true,"href":"https:\/\/tpohotelariaecasa.pt\/index.php\/wp-json\/wp\/v2\/product_tag?post=9450839"}],"curies":[{"name":"wp","href":"https:\/\/api.w.org\/{rel}","templated":true}]}}