{"id":9451241,"date":"2024-03-26T18:44:51","date_gmt":"2024-03-26T18:44:51","guid":{"rendered":"https:\/\/tpohotelariaecasa.pt\/index.php\/product\/gerador-vapor-auto-beta-5l-aco-inox2-ferros-400v\/"},"modified":"2025-03-26T14:42:13","modified_gmt":"2025-03-26T14:42:13","slug":"gerador-vapor-auto-beta-5l-aco-inox2-ferros-400v","status":"publish","type":"product","link":"https:\/\/tpohotelariaecasa.pt\/index.php\/product\/gerador-vapor-auto-beta-5l-aco-inox2-ferros-400v\/","title":{"rendered":"GERADOR VAPOR AUTO BETA 5L A\u00c7O INOX+2 FERROS 400V"},"content":{"rendered":"<p>Gerador de vapor para engomar com duas esta\u00e7\u00f5es de trabalho. A m\u00e1quina pode ser conectada facilmente a ferros, pistolas a vapor, escovas a vapor e muitos outros acess\u00f3rios. Enchimento autom\u00e1tico da caldeira Ajuste da sa\u00edda de vapor Tomada de vapor duplo. <\/p>\n","protected":false},"excerpt":{"rendered":"<p>Gerador de vapor para engomar com duas esta\u00e7\u00f5es de trabalho. A m\u00e1quina pode ser conectada facilmente a ferros, pistolas a vapor, escovas a vapor e muitos outros acess\u00f3rios. Enchimento autom\u00e1tico da caldeira Ajuste da sa\u00edda de vapor Tomada de vapor duplo.<\/p>\n","protected":false},"featured_media":9451240,"comment_status":"open","ping_status":"closed","template":"","meta":[],"product_cat":[756],"product_tag":[],"class_list":["post-9451241","product","type-product","status-publish","has-post-thumbnail","hentry","product_cat-gerador-de-vapor","product_shipping_class-gph"],"_links":{"self":[{"href":"https:\/\/tpohotelariaecasa.pt\/index.php\/wp-json\/wp\/v2\/product\/9451241"}],"collection":[{"href":"https:\/\/tpohotelariaecasa.pt\/index.php\/wp-json\/wp\/v2\/product"}],"about":[{"href":"https:\/\/tpohotelariaecasa.pt\/index.php\/wp-json\/wp\/v2\/types\/product"}],"replies":[{"embeddable":true,"href":"https:\/\/tpohotelariaecasa.pt\/index.php\/wp-json\/wp\/v2\/comments?post=9451241"}],"wp:featuredmedia":[{"embeddable":true,"href":"https:\/\/tpohotelariaecasa.pt\/index.php\/wp-json\/wp\/v2\/media\/9451240"}],"wp:attachment":[{"href":"https:\/\/tpohotelariaecasa.pt\/index.php\/wp-json\/wp\/v2\/media?parent=9451241"}],"wp:term":[{"taxonomy":"product_cat","embeddable":true,"href":"https:\/\/tpohotelariaecasa.pt\/index.php\/wp-json\/wp\/v2\/product_cat?post=9451241"},{"taxonomy":"product_tag","embeddable":true,"href":"https:\/\/tpohotelariaecasa.pt\/index.php\/wp-json\/wp\/v2\/product_tag?post=9451241"}],"curies":[{"name":"wp","href":"https:\/\/api.w.org\/{rel}","templated":true}]}}