{"id":9451251,"date":"2024-03-26T18:45:17","date_gmt":"2024-03-26T18:45:17","guid":{"rendered":"https:\/\/tpohotelariaecasa.pt\/index.php\/product\/carro-inox-ca1384-840x500x930\/"},"modified":"2024-03-26T18:45:17","modified_gmt":"2024-03-26T18:45:17","slug":"carro-inox-ca1384-840x500x930","status":"publish","type":"product","link":"https:\/\/tpohotelariaecasa.pt\/index.php\/product\/carro-inox-ca1384-840x500x930\/","title":{"rendered":"CARRO INOX CA1384 840X500X930"},"content":{"rendered":"<p>Estrutura de a\u00e7o inoxid\u00e1vel. Trilhos de a\u00e7o inoxid\u00e1vel, dobrados, anti-ru\u00eddo e acetinado. Rodas girat\u00f3rias. Parada de borracha. Alcance total 80 Kg. <\/p>\n","protected":false},"excerpt":{"rendered":"<p>Estrutura de a\u00e7o inoxid\u00e1vel. Trilhos de a\u00e7o inoxid\u00e1vel, dobrados, anti-ru\u00eddo e acetinado. Rodas girat\u00f3rias. Parada de borracha. Alcance total 80 Kg.<\/p>\n","protected":false},"featured_media":9451250,"comment_status":"open","ping_status":"closed","template":"","meta":[],"product_cat":[753],"product_tag":[],"class_list":["post-9451251","product","type-product","status-publish","has-post-thumbnail","hentry","product_cat-carros-de-roupa-e-multiusos"],"_links":{"self":[{"href":"https:\/\/tpohotelariaecasa.pt\/index.php\/wp-json\/wp\/v2\/product\/9451251"}],"collection":[{"href":"https:\/\/tpohotelariaecasa.pt\/index.php\/wp-json\/wp\/v2\/product"}],"about":[{"href":"https:\/\/tpohotelariaecasa.pt\/index.php\/wp-json\/wp\/v2\/types\/product"}],"replies":[{"embeddable":true,"href":"https:\/\/tpohotelariaecasa.pt\/index.php\/wp-json\/wp\/v2\/comments?post=9451251"}],"wp:featuredmedia":[{"embeddable":true,"href":"https:\/\/tpohotelariaecasa.pt\/index.php\/wp-json\/wp\/v2\/media\/9451250"}],"wp:attachment":[{"href":"https:\/\/tpohotelariaecasa.pt\/index.php\/wp-json\/wp\/v2\/media?parent=9451251"}],"wp:term":[{"taxonomy":"product_cat","embeddable":true,"href":"https:\/\/tpohotelariaecasa.pt\/index.php\/wp-json\/wp\/v2\/product_cat?post=9451251"},{"taxonomy":"product_tag","embeddable":true,"href":"https:\/\/tpohotelariaecasa.pt\/index.php\/wp-json\/wp\/v2\/product_tag?post=9451251"}],"curies":[{"name":"wp","href":"https:\/\/api.w.org\/{rel}","templated":true}]}}