{"id":9451253,"date":"2024-03-26T18:45:17","date_gmt":"2024-03-26T18:45:17","guid":{"rendered":"https:\/\/tpohotelariaecasa.pt\/index.php\/product\/carro-inox-servico-ca1391-2-prateleiras\/"},"modified":"2024-03-26T18:45:17","modified_gmt":"2024-03-26T18:45:17","slug":"carro-inox-servico-ca1391-2-prateleiras","status":"publish","type":"product","link":"https:\/\/tpohotelariaecasa.pt\/index.php\/product\/carro-inox-servico-ca1391-2-prateleiras\/","title":{"rendered":"CARRO INOX SERVI\u00c7O CA1391 2 PRATELEIRAS"},"content":{"rendered":"<p>Estrutura em a\u00e7o inoxid\u00e1vel tubular de alta espessura \u00d8 25. Riscos estampados na forma de bandeja. Borda arredondada. Acabamento em cetim. Rodas girat\u00f3rias. Pega na goma. Alcance total 100 Kg. <\/p>\n","protected":false},"excerpt":{"rendered":"<p>Estrutura em a\u00e7o inoxid\u00e1vel tubular de alta espessura \u00d8 25. Riscos estampados na forma de bandeja. Borda arredondada. Acabamento em cetim. Rodas girat\u00f3rias. Pega na goma. Alcance total 100 Kg.<\/p>\n","protected":false},"featured_media":9451252,"comment_status":"open","ping_status":"closed","template":"","meta":[],"product_cat":[753],"product_tag":[],"class_list":["post-9451253","product","type-product","status-publish","has-post-thumbnail","hentry","product_cat-carros-de-roupa-e-multiusos"],"_links":{"self":[{"href":"https:\/\/tpohotelariaecasa.pt\/index.php\/wp-json\/wp\/v2\/product\/9451253"}],"collection":[{"href":"https:\/\/tpohotelariaecasa.pt\/index.php\/wp-json\/wp\/v2\/product"}],"about":[{"href":"https:\/\/tpohotelariaecasa.pt\/index.php\/wp-json\/wp\/v2\/types\/product"}],"replies":[{"embeddable":true,"href":"https:\/\/tpohotelariaecasa.pt\/index.php\/wp-json\/wp\/v2\/comments?post=9451253"}],"wp:featuredmedia":[{"embeddable":true,"href":"https:\/\/tpohotelariaecasa.pt\/index.php\/wp-json\/wp\/v2\/media\/9451252"}],"wp:attachment":[{"href":"https:\/\/tpohotelariaecasa.pt\/index.php\/wp-json\/wp\/v2\/media?parent=9451253"}],"wp:term":[{"taxonomy":"product_cat","embeddable":true,"href":"https:\/\/tpohotelariaecasa.pt\/index.php\/wp-json\/wp\/v2\/product_cat?post=9451253"},{"taxonomy":"product_tag","embeddable":true,"href":"https:\/\/tpohotelariaecasa.pt\/index.php\/wp-json\/wp\/v2\/product_tag?post=9451253"}],"curies":[{"name":"wp","href":"https:\/\/api.w.org\/{rel}","templated":true}]}}