{"id":9451261,"date":"2024-03-26T18:45:31","date_gmt":"2024-03-26T18:45:31","guid":{"rendered":"https:\/\/tpohotelariaecasa.pt\/index.php\/product\/carro-p-roupa-suja-ca1580-800x520x720\/"},"modified":"2024-03-26T18:45:31","modified_gmt":"2024-03-26T18:45:31","slug":"carro-p-roupa-suja-ca1580-800x520x720","status":"publish","type":"product","link":"https:\/\/tpohotelariaecasa.pt\/index.php\/product\/carro-p-roupa-suja-ca1580-800x520x720\/","title":{"rendered":"CARRO P\/ROUPA SUJA CA1580 800X520X720"},"content":{"rendered":"<p>Cesta dobr\u00e1vel de pl\u00e1stico. Recipiente de plataforma de a\u00e7o plastificado branco. <\/p>\n","protected":false},"excerpt":{"rendered":"<p>Cesta dobr\u00e1vel de pl\u00e1stico. Recipiente de plataforma de a\u00e7o plastificado branco.<\/p>\n","protected":false},"featured_media":9451260,"comment_status":"open","ping_status":"closed","template":"","meta":[],"product_cat":[753],"product_tag":[],"class_list":["post-9451261","product","type-product","status-publish","has-post-thumbnail","hentry","product_cat-carros-de-roupa-e-multiusos"],"_links":{"self":[{"href":"https:\/\/tpohotelariaecasa.pt\/index.php\/wp-json\/wp\/v2\/product\/9451261"}],"collection":[{"href":"https:\/\/tpohotelariaecasa.pt\/index.php\/wp-json\/wp\/v2\/product"}],"about":[{"href":"https:\/\/tpohotelariaecasa.pt\/index.php\/wp-json\/wp\/v2\/types\/product"}],"replies":[{"embeddable":true,"href":"https:\/\/tpohotelariaecasa.pt\/index.php\/wp-json\/wp\/v2\/comments?post=9451261"}],"wp:featuredmedia":[{"embeddable":true,"href":"https:\/\/tpohotelariaecasa.pt\/index.php\/wp-json\/wp\/v2\/media\/9451260"}],"wp:attachment":[{"href":"https:\/\/tpohotelariaecasa.pt\/index.php\/wp-json\/wp\/v2\/media?parent=9451261"}],"wp:term":[{"taxonomy":"product_cat","embeddable":true,"href":"https:\/\/tpohotelariaecasa.pt\/index.php\/wp-json\/wp\/v2\/product_cat?post=9451261"},{"taxonomy":"product_tag","embeddable":true,"href":"https:\/\/tpohotelariaecasa.pt\/index.php\/wp-json\/wp\/v2\/product_tag?post=9451261"}],"curies":[{"name":"wp","href":"https:\/\/api.w.org\/{rel}","templated":true}]}}