{"id":9451265,"date":"2024-03-26T18:45:34","date_gmt":"2024-03-26T18:45:34","guid":{"rendered":"https:\/\/tpohotelariaecasa.pt\/index.php\/product\/carro-rb-416-c-2-meias-portasrodas-sil-tabul\/"},"modified":"2024-03-26T18:45:34","modified_gmt":"2024-03-26T18:45:34","slug":"carro-rb-416-c-2-meias-portasrodas-sil-tabul","status":"publish","type":"product","link":"https:\/\/tpohotelariaecasa.pt\/index.php\/product\/carro-rb-416-c-2-meias-portasrodas-sil-tabul\/","title":{"rendered":"CARRO RB-416 C\/ 2 MEIAS PORTAS+RODAS SIL.+ TABUL."},"content":{"rendered":"<p>Produtos de alta qualidade, respeitosos com o meio ambiente, a higiene e a sa\u00fade das pessoas: \u2022 Excelente distribui\u00e7\u00e3o da espessura do zinco, que garante uma resist\u00eancia uniforme. \u2022 Tratamento com baixa concentra\u00e7\u00e3o de metais externos, prolonga a vida \u00fatil do produto. \u2022 Resist\u00eancia ao processo temperado sem nenhuma mudan\u00e7a de apar\u00eancia ou perda de colora\u00e7\u00e3o. \u2022 Resist\u00eancia a arranh\u00f5es. <\/p>\n","protected":false},"excerpt":{"rendered":"<p>Produtos de alta qualidade, respeitosos com o meio ambiente, a higiene e a sa\u00fade das pessoas: \u2022 Excelente distribui\u00e7\u00e3o da espessura do zinco, que garante uma resist\u00eancia uniforme. \u2022 Tratamento com baixa concentra\u00e7\u00e3o de metais externos, prolonga a vida \u00fatil do produto. \u2022 Resist\u00eancia ao processo temperado sem nenhuma mudan\u00e7a de apar\u00eancia ou perda de [&hellip;]<\/p>\n","protected":false},"featured_media":9451264,"comment_status":"open","ping_status":"closed","template":"","meta":[],"product_cat":[753],"product_tag":[],"class_list":["post-9451265","product","type-product","status-publish","has-post-thumbnail","hentry","product_cat-carros-de-roupa-e-multiusos"],"_links":{"self":[{"href":"https:\/\/tpohotelariaecasa.pt\/index.php\/wp-json\/wp\/v2\/product\/9451265"}],"collection":[{"href":"https:\/\/tpohotelariaecasa.pt\/index.php\/wp-json\/wp\/v2\/product"}],"about":[{"href":"https:\/\/tpohotelariaecasa.pt\/index.php\/wp-json\/wp\/v2\/types\/product"}],"replies":[{"embeddable":true,"href":"https:\/\/tpohotelariaecasa.pt\/index.php\/wp-json\/wp\/v2\/comments?post=9451265"}],"wp:featuredmedia":[{"embeddable":true,"href":"https:\/\/tpohotelariaecasa.pt\/index.php\/wp-json\/wp\/v2\/media\/9451264"}],"wp:attachment":[{"href":"https:\/\/tpohotelariaecasa.pt\/index.php\/wp-json\/wp\/v2\/media?parent=9451265"}],"wp:term":[{"taxonomy":"product_cat","embeddable":true,"href":"https:\/\/tpohotelariaecasa.pt\/index.php\/wp-json\/wp\/v2\/product_cat?post=9451265"},{"taxonomy":"product_tag","embeddable":true,"href":"https:\/\/tpohotelariaecasa.pt\/index.php\/wp-json\/wp\/v2\/product_tag?post=9451265"}],"curies":[{"name":"wp","href":"https:\/\/api.w.org\/{rel}","templated":true}]}}