{"id":9451273,"date":"2024-03-26T18:46:00","date_gmt":"2024-03-26T18:46:00","guid":{"rendered":"https:\/\/tpohotelariaecasa.pt\/index.php\/product\/encapadora-manual-pmm7500\/"},"modified":"2024-03-26T18:46:00","modified_gmt":"2024-03-26T18:46:00","slug":"encapadora-manual-pmm7500","status":"publish","type":"product","link":"https:\/\/tpohotelariaecasa.pt\/index.php\/product\/encapadora-manual-pmm7500\/","title":{"rendered":"ENCAPADORA MANUAL PMM7500"},"content":{"rendered":"<p>O modelo manual permite utilizar todos os tipos de sacos inclu\u00eddos entre 400 e 700mm de largura e de qualquer espessura. O tempo de soldadura pode variar de um m\u00ednimo de 0,6 seg. at\u00e9 um m\u00e1ximo de 1,2 seg. mas sempre com impulso de soldagem (resist\u00eancia a frio). Barra inferior de soldadura regulada manualmente: a barra de soldagem pode ser activada ou n\u00e3o por meio de um comando no painel de controle, a altura da barra pode ser regulada s\u00f3 manualmente. <\/p>\n","protected":false},"excerpt":{"rendered":"<p>O modelo manual permite utilizar todos os tipos de sacos inclu\u00eddos entre 400 e 700mm de largura e de qualquer espessura. O tempo de soldadura pode variar de um m\u00ednimo de 0,6 seg. at\u00e9 um m\u00e1ximo de 1,2 seg. mas sempre com impulso de soldagem (resist\u00eancia a frio). Barra inferior de soldadura regulada manualmente: a [&hellip;]<\/p>\n","protected":false},"featured_media":9451272,"comment_status":"open","ping_status":"closed","template":"","meta":[],"product_cat":[765],"product_tag":[],"class_list":["post-9451273","product","type-product","status-publish","has-post-thumbnail","hentry","product_cat-maquina-industrial-textil-e-lavandaria"],"_links":{"self":[{"href":"https:\/\/tpohotelariaecasa.pt\/index.php\/wp-json\/wp\/v2\/product\/9451273"}],"collection":[{"href":"https:\/\/tpohotelariaecasa.pt\/index.php\/wp-json\/wp\/v2\/product"}],"about":[{"href":"https:\/\/tpohotelariaecasa.pt\/index.php\/wp-json\/wp\/v2\/types\/product"}],"replies":[{"embeddable":true,"href":"https:\/\/tpohotelariaecasa.pt\/index.php\/wp-json\/wp\/v2\/comments?post=9451273"}],"wp:featuredmedia":[{"embeddable":true,"href":"https:\/\/tpohotelariaecasa.pt\/index.php\/wp-json\/wp\/v2\/media\/9451272"}],"wp:attachment":[{"href":"https:\/\/tpohotelariaecasa.pt\/index.php\/wp-json\/wp\/v2\/media?parent=9451273"}],"wp:term":[{"taxonomy":"product_cat","embeddable":true,"href":"https:\/\/tpohotelariaecasa.pt\/index.php\/wp-json\/wp\/v2\/product_cat?post=9451273"},{"taxonomy":"product_tag","embeddable":true,"href":"https:\/\/tpohotelariaecasa.pt\/index.php\/wp-json\/wp\/v2\/product_tag?post=9451273"}],"curies":[{"name":"wp","href":"https:\/\/api.w.org\/{rel}","templated":true}]}}