{"id":9451279,"date":"2024-03-26T18:46:03","date_gmt":"2024-03-26T18:46:03","guid":{"rendered":"https:\/\/tpohotelariaecasa.pt\/index.php\/product\/pack-smart-18-sw280-el-vapor-swt24kit-4-bombas\/"},"modified":"2024-03-26T18:46:03","modified_gmt":"2024-03-26T18:46:03","slug":"pack-smart-18-sw280-el-vapor-swt24kit-4-bombas","status":"publish","type":"product","link":"https:\/\/tpohotelariaecasa.pt\/index.php\/product\/pack-smart-18-sw280-el-vapor-swt24kit-4-bombas\/","title":{"rendered":"PACK SMART 18 &#8211; SW280 EL\/VAPOR+ SWT24+KIT 4 BOMBAS"},"content":{"rendered":"<p>Pack constitu\u00eddo pelas seguintes m\u00e1quinas: M\u00e1quina de lavar SW280 el\u00e9trica preparada para vapor; Tecnologia (SoftWash); Programador Professional Shower-Jet: 99 ciclos, completamente program\u00e1vel, display gr\u00e1fico, multilingue (21 idiomas); porta USB; Secador SWT24 el\u00e9trico com microprocessador  Full Control: 20 ciclos, 9 predefinidos, temperatura, tempo de secagem e arrefecimento com possibilidade de definir livremente, controlo de humidade; kit 4 bombas doseadoras de detergente+ kit de tratamento de \u00e1gua. <\/p>\n","protected":false},"excerpt":{"rendered":"<p>Pack constitu\u00eddo pelas seguintes m\u00e1quinas: M\u00e1quina de lavar SW280 el\u00e9trica preparada para vapor; Tecnologia (SoftWash); Programador Professional Shower-Jet: 99 ciclos, completamente program\u00e1vel, display gr\u00e1fico, multilingue (21 idiomas); porta USB; Secador SWT24 el\u00e9trico com microprocessador Full Control: 20 ciclos, 9 predefinidos, temperatura, tempo de secagem e arrefecimento com possibilidade de definir livremente, controlo de humidade; kit [&hellip;]<\/p>\n","protected":false},"featured_media":9451278,"comment_status":"open","ping_status":"closed","template":"","meta":[],"product_cat":[765],"product_tag":[],"class_list":["post-9451279","product","type-product","status-publish","has-post-thumbnail","hentry","product_cat-maquina-industrial-textil-e-lavandaria"],"_links":{"self":[{"href":"https:\/\/tpohotelariaecasa.pt\/index.php\/wp-json\/wp\/v2\/product\/9451279"}],"collection":[{"href":"https:\/\/tpohotelariaecasa.pt\/index.php\/wp-json\/wp\/v2\/product"}],"about":[{"href":"https:\/\/tpohotelariaecasa.pt\/index.php\/wp-json\/wp\/v2\/types\/product"}],"replies":[{"embeddable":true,"href":"https:\/\/tpohotelariaecasa.pt\/index.php\/wp-json\/wp\/v2\/comments?post=9451279"}],"wp:featuredmedia":[{"embeddable":true,"href":"https:\/\/tpohotelariaecasa.pt\/index.php\/wp-json\/wp\/v2\/media\/9451278"}],"wp:attachment":[{"href":"https:\/\/tpohotelariaecasa.pt\/index.php\/wp-json\/wp\/v2\/media?parent=9451279"}],"wp:term":[{"taxonomy":"product_cat","embeddable":true,"href":"https:\/\/tpohotelariaecasa.pt\/index.php\/wp-json\/wp\/v2\/product_cat?post=9451279"},{"taxonomy":"product_tag","embeddable":true,"href":"https:\/\/tpohotelariaecasa.pt\/index.php\/wp-json\/wp\/v2\/product_tag?post=9451279"}],"curies":[{"name":"wp","href":"https:\/\/api.w.org\/{rel}","templated":true}]}}