{"id":9451295,"date":"2024-03-27T11:38:26","date_gmt":"2024-03-27T11:38:26","guid":{"rendered":"https:\/\/tpohotelariaecasa.pt\/index.php\/product\/carro-pv-4024-1000x560x1600\/"},"modified":"2025-03-26T14:42:15","modified_gmt":"2025-03-26T14:42:15","slug":"carro-pv-4024-1000x560x1600","status":"publish","type":"product","link":"https:\/\/tpohotelariaecasa.pt\/index.php\/product\/carro-pv-4024-1000x560x1600\/","title":{"rendered":"CARRO PV 4024 1000X560X1600"},"content":{"rendered":"<p>Estrutura de suporte em tubo de a\u00e7o inoxid\u00e1vel. Base em a\u00e7o inoxid\u00e1vel. 2 rodas fixas. 2 rodas girat\u00f3rios \u00d8 mm 140. <\/p>\n","protected":false},"excerpt":{"rendered":"<p>Estrutura de suporte em tubo de a\u00e7o inoxid\u00e1vel. Base em a\u00e7o inoxid\u00e1vel. 2 rodas fixas. 2 rodas girat\u00f3rios \u00d8 mm 140.<\/p>\n","protected":false},"featured_media":9451294,"comment_status":"open","ping_status":"closed","template":"","meta":[],"product_cat":[104],"product_tag":[],"class_list":["post-9451295","product","type-product","status-publish","has-post-thumbnail","hentry","product_cat-carros-de-servio","product_shipping_class-gph"],"_links":{"self":[{"href":"https:\/\/tpohotelariaecasa.pt\/index.php\/wp-json\/wp\/v2\/product\/9451295"}],"collection":[{"href":"https:\/\/tpohotelariaecasa.pt\/index.php\/wp-json\/wp\/v2\/product"}],"about":[{"href":"https:\/\/tpohotelariaecasa.pt\/index.php\/wp-json\/wp\/v2\/types\/product"}],"replies":[{"embeddable":true,"href":"https:\/\/tpohotelariaecasa.pt\/index.php\/wp-json\/wp\/v2\/comments?post=9451295"}],"wp:featuredmedia":[{"embeddable":true,"href":"https:\/\/tpohotelariaecasa.pt\/index.php\/wp-json\/wp\/v2\/media\/9451294"}],"wp:attachment":[{"href":"https:\/\/tpohotelariaecasa.pt\/index.php\/wp-json\/wp\/v2\/media?parent=9451295"}],"wp:term":[{"taxonomy":"product_cat","embeddable":true,"href":"https:\/\/tpohotelariaecasa.pt\/index.php\/wp-json\/wp\/v2\/product_cat?post=9451295"},{"taxonomy":"product_tag","embeddable":true,"href":"https:\/\/tpohotelariaecasa.pt\/index.php\/wp-json\/wp\/v2\/product_tag?post=9451295"}],"curies":[{"name":"wp","href":"https:\/\/api.w.org\/{rel}","templated":true}]}}