{"id":9451321,"date":"2024-03-27T11:39:05","date_gmt":"2024-03-27T11:39:05","guid":{"rendered":"https:\/\/tpohotelariaecasa.pt\/index.php\/product\/secador-dr120-opt-51kg-elt-400v-tambor-inox-revers\/"},"modified":"2025-03-26T14:42:14","modified_gmt":"2025-03-26T14:42:14","slug":"secador-dr120-opt-51kg-elt-400v-tambor-inox-revers","status":"publish","type":"product","link":"https:\/\/tpohotelariaecasa.pt\/index.php\/product\/secador-dr120-opt-51kg-elt-400v-tambor-inox-revers\/","title":{"rendered":"SECADOR DR120 OPT 51KG ELT 400V TAMBOR INOX REVERS"},"content":{"rendered":"<p>Secador com tambor em a\u00e7o inox revers\u00edvel; Ru\u00eddo operacional reduzido; Menor consumo; 30 ciclos program\u00e1veis; 3 tipos de ciclos: secagem tempo, secagem auto, secagem humidade; Manuten\u00e7\u00e3o e diagn\u00f3stico acess\u00edveis; Arranque e paragens suaves; <\/p>\n","protected":false},"excerpt":{"rendered":"<p>Secador com tambor em a\u00e7o inox revers\u00edvel; Ru\u00eddo operacional reduzido; Menor consumo; 30 ciclos program\u00e1veis; 3 tipos de ciclos: secagem tempo, secagem auto, secagem humidade; Manuten\u00e7\u00e3o e diagn\u00f3stico acess\u00edveis; Arranque e paragens suaves;<\/p>\n","protected":false},"featured_media":9451320,"comment_status":"open","ping_status":"closed","template":"","meta":[],"product_cat":[767],"product_tag":[],"class_list":["post-9451321","product","type-product","status-publish","has-post-thumbnail","hentry","product_cat-secador-industrial-dr","product_shipping_class-gph"],"_links":{"self":[{"href":"https:\/\/tpohotelariaecasa.pt\/index.php\/wp-json\/wp\/v2\/product\/9451321"}],"collection":[{"href":"https:\/\/tpohotelariaecasa.pt\/index.php\/wp-json\/wp\/v2\/product"}],"about":[{"href":"https:\/\/tpohotelariaecasa.pt\/index.php\/wp-json\/wp\/v2\/types\/product"}],"replies":[{"embeddable":true,"href":"https:\/\/tpohotelariaecasa.pt\/index.php\/wp-json\/wp\/v2\/comments?post=9451321"}],"wp:featuredmedia":[{"embeddable":true,"href":"https:\/\/tpohotelariaecasa.pt\/index.php\/wp-json\/wp\/v2\/media\/9451320"}],"wp:attachment":[{"href":"https:\/\/tpohotelariaecasa.pt\/index.php\/wp-json\/wp\/v2\/media?parent=9451321"}],"wp:term":[{"taxonomy":"product_cat","embeddable":true,"href":"https:\/\/tpohotelariaecasa.pt\/index.php\/wp-json\/wp\/v2\/product_cat?post=9451321"},{"taxonomy":"product_tag","embeddable":true,"href":"https:\/\/tpohotelariaecasa.pt\/index.php\/wp-json\/wp\/v2\/product_tag?post=9451321"}],"curies":[{"name":"wp","href":"https:\/\/api.w.org\/{rel}","templated":true}]}}