{"id":9451325,"date":"2024-03-27T11:39:07","date_gmt":"2024-03-27T11:39:07","guid":{"rendered":"https:\/\/tpohotelariaecasa.pt\/index.php\/product\/secador-dr120-51kg-gas-400v-tambor-galv-reversivel\/"},"modified":"2025-03-26T14:42:14","modified_gmt":"2025-03-26T14:42:14","slug":"secador-dr120-51kg-gas-400v-tambor-galv-reversivel","status":"publish","type":"product","link":"https:\/\/tpohotelariaecasa.pt\/index.php\/product\/secador-dr120-51kg-gas-400v-tambor-galv-reversivel\/","title":{"rendered":"SECADOR DR120 51KG G\u00c1S 400V TAMBOR GALV REVERS\u00cdVEL"},"content":{"rendered":"<p>Secador com tambor galvanizado revers\u00edvel ; Soft start-motor controlado por inverter; Ru\u00eddo operacional reduzido; Menor consumo; Painel dois digitos (Dual digital control) 4 programas ajust\u00e1veis; Manuten\u00e7\u00e3o e diagn\u00f3stico acess\u00edveis; Longevidade m\u00e1quina; <\/p>\n","protected":false},"excerpt":{"rendered":"<p>Secador com tambor galvanizado revers\u00edvel ; Soft start-motor controlado por inverter; Ru\u00eddo operacional reduzido; Menor consumo; Painel dois digitos (Dual digital control) 4 programas ajust\u00e1veis; Manuten\u00e7\u00e3o e diagn\u00f3stico acess\u00edveis; Longevidade m\u00e1quina;<\/p>\n","protected":false},"featured_media":9451324,"comment_status":"open","ping_status":"closed","template":"","meta":[],"product_cat":[767],"product_tag":[],"class_list":["post-9451325","product","type-product","status-publish","has-post-thumbnail","hentry","product_cat-secador-industrial-dr","product_shipping_class-gph"],"_links":{"self":[{"href":"https:\/\/tpohotelariaecasa.pt\/index.php\/wp-json\/wp\/v2\/product\/9451325"}],"collection":[{"href":"https:\/\/tpohotelariaecasa.pt\/index.php\/wp-json\/wp\/v2\/product"}],"about":[{"href":"https:\/\/tpohotelariaecasa.pt\/index.php\/wp-json\/wp\/v2\/types\/product"}],"replies":[{"embeddable":true,"href":"https:\/\/tpohotelariaecasa.pt\/index.php\/wp-json\/wp\/v2\/comments?post=9451325"}],"wp:featuredmedia":[{"embeddable":true,"href":"https:\/\/tpohotelariaecasa.pt\/index.php\/wp-json\/wp\/v2\/media\/9451324"}],"wp:attachment":[{"href":"https:\/\/tpohotelariaecasa.pt\/index.php\/wp-json\/wp\/v2\/media?parent=9451325"}],"wp:term":[{"taxonomy":"product_cat","embeddable":true,"href":"https:\/\/tpohotelariaecasa.pt\/index.php\/wp-json\/wp\/v2\/product_cat?post=9451325"},{"taxonomy":"product_tag","embeddable":true,"href":"https:\/\/tpohotelariaecasa.pt\/index.php\/wp-json\/wp\/v2\/product_tag?post=9451325"}],"curies":[{"name":"wp","href":"https:\/\/api.w.org\/{rel}","templated":true}]}}