{"id":9451391,"date":"2024-03-27T11:40:20","date_gmt":"2024-03-27T11:40:20","guid":{"rendered":"https:\/\/tpohotelariaecasa.pt\/index.php\/product\/manequim-delta-eletronico-programavel-c-caldeira\/"},"modified":"2025-03-26T14:42:13","modified_gmt":"2025-03-26T14:42:13","slug":"manequim-delta-eletronico-programavel-c-caldeira","status":"publish","type":"product","link":"https:\/\/tpohotelariaecasa.pt\/index.php\/product\/manequim-delta-eletronico-programavel-c-caldeira\/","title":{"rendered":"MANEQUIM DELTA ELETR\u00d3NICO PROGRAM\u00c1VEL C\/CALDEIRA"},"content":{"rendered":"<p>DELTA &#8211; Manequim electr\u00f3nico com 9 programas para regula\u00e7\u00e3o de tempo vapor\/ar\/pausa e vapor\/ar + caldeira incorporada. <\/p>\n","protected":false},"excerpt":{"rendered":"<p>DELTA &#8211; Manequim electr\u00f3nico com 9 programas para regula\u00e7\u00e3o de tempo vapor\/ar\/pausa e vapor\/ar + caldeira incorporada.<\/p>\n","protected":false},"featured_media":9451390,"comment_status":"open","ping_status":"closed","template":"","meta":[],"product_cat":[757],"product_tag":[],"class_list":["post-9451391","product","type-product","status-publish","has-post-thumbnail","hentry","product_cat-manequim","product_shipping_class-gph"],"_links":{"self":[{"href":"https:\/\/tpohotelariaecasa.pt\/index.php\/wp-json\/wp\/v2\/product\/9451391"}],"collection":[{"href":"https:\/\/tpohotelariaecasa.pt\/index.php\/wp-json\/wp\/v2\/product"}],"about":[{"href":"https:\/\/tpohotelariaecasa.pt\/index.php\/wp-json\/wp\/v2\/types\/product"}],"replies":[{"embeddable":true,"href":"https:\/\/tpohotelariaecasa.pt\/index.php\/wp-json\/wp\/v2\/comments?post=9451391"}],"wp:featuredmedia":[{"embeddable":true,"href":"https:\/\/tpohotelariaecasa.pt\/index.php\/wp-json\/wp\/v2\/media\/9451390"}],"wp:attachment":[{"href":"https:\/\/tpohotelariaecasa.pt\/index.php\/wp-json\/wp\/v2\/media?parent=9451391"}],"wp:term":[{"taxonomy":"product_cat","embeddable":true,"href":"https:\/\/tpohotelariaecasa.pt\/index.php\/wp-json\/wp\/v2\/product_cat?post=9451391"},{"taxonomy":"product_tag","embeddable":true,"href":"https:\/\/tpohotelariaecasa.pt\/index.php\/wp-json\/wp\/v2\/product_tag?post=9451391"}],"curies":[{"name":"wp","href":"https:\/\/api.w.org\/{rel}","templated":true}]}}