{"id":9451409,"date":"2024-03-27T11:40:59","date_gmt":"2024-03-27T11:40:59","guid":{"rendered":"https:\/\/tpohotelariaecasa.pt\/index.php\/product\/maquina-barreira-sanitaria-elt-ib1400-720rpm\/"},"modified":"2025-03-26T14:42:12","modified_gmt":"2025-03-26T14:42:12","slug":"maquina-barreira-sanitaria-elt-ib1400-720rpm","status":"publish","type":"product","link":"https:\/\/tpohotelariaecasa.pt\/index.php\/product\/maquina-barreira-sanitaria-elt-ib1400-720rpm\/","title":{"rendered":"M\u00c1QUINA BARREIRA SANIT\u00c1RIA ELT IB1400 720RPM"},"content":{"rendered":"<p>Chassi, rolamentos e tambor sobredimensionados V\u00e1lvulas de esgoto de grande di\u00e2metro (\u00d8 126 mm) F\u00e1cil acceso a todas as partes da m\u00e1quina Motor accionado por variador de frequ\u00eancia Porta com grande \u00e2ngulo de abertura para facilitar a carga e descarga MICRO &#8211; novo display gr\u00e1fico com possibilidades quase ilimitadas como: &#8211; Interfaz de comunica\u00e7\u00e3o que possibilita o control remoto &#8211; Multil\u00edngua &#8211; Livre programa\u00e7\u00e3o Tambor com laterais perfurados: melhor resultado de lavagem, menor consumo de agua Programas de lavagem ecol\u00f3gicos, com grande redu\u00e7\u00e3o do consumo de agua e electricidade Saboneteira com sistema patentado de 5 compartimentos que podem ser extraidos <\/p>\n","protected":false},"excerpt":{"rendered":"<p>Chassi, rolamentos e tambor sobredimensionados V\u00e1lvulas de esgoto de grande di\u00e2metro (\u00d8 126 mm) F\u00e1cil acceso a todas as partes da m\u00e1quina Motor accionado por variador de frequ\u00eancia Porta com grande \u00e2ngulo de abertura para facilitar a carga e descarga MICRO &#8211; novo display gr\u00e1fico com possibilidades quase ilimitadas como: &#8211; Interfaz de comunica\u00e7\u00e3o que [&hellip;]<\/p>\n","protected":false},"featured_media":9451408,"comment_status":"open","ping_status":"closed","template":"","meta":[],"product_cat":[760],"product_tag":[],"class_list":["post-9451409","product","type-product","status-publish","has-post-thumbnail","hentry","product_cat-maquina-de-lavar-de-barreira-sanitaria-ib","product_shipping_class-gph"],"_links":{"self":[{"href":"https:\/\/tpohotelariaecasa.pt\/index.php\/wp-json\/wp\/v2\/product\/9451409"}],"collection":[{"href":"https:\/\/tpohotelariaecasa.pt\/index.php\/wp-json\/wp\/v2\/product"}],"about":[{"href":"https:\/\/tpohotelariaecasa.pt\/index.php\/wp-json\/wp\/v2\/types\/product"}],"replies":[{"embeddable":true,"href":"https:\/\/tpohotelariaecasa.pt\/index.php\/wp-json\/wp\/v2\/comments?post=9451409"}],"wp:featuredmedia":[{"embeddable":true,"href":"https:\/\/tpohotelariaecasa.pt\/index.php\/wp-json\/wp\/v2\/media\/9451408"}],"wp:attachment":[{"href":"https:\/\/tpohotelariaecasa.pt\/index.php\/wp-json\/wp\/v2\/media?parent=9451409"}],"wp:term":[{"taxonomy":"product_cat","embeddable":true,"href":"https:\/\/tpohotelariaecasa.pt\/index.php\/wp-json\/wp\/v2\/product_cat?post=9451409"},{"taxonomy":"product_tag","embeddable":true,"href":"https:\/\/tpohotelariaecasa.pt\/index.php\/wp-json\/wp\/v2\/product_tag?post=9451409"}],"curies":[{"name":"wp","href":"https:\/\/api.w.org\/{rel}","templated":true}]}}