{"id":9451460,"date":"2024-03-27T11:43:15","date_gmt":"2024-03-27T11:43:15","guid":{"rendered":"https:\/\/tpohotelariaecasa.pt\/index.php\/product\/maquina-lavar-eletrica-iy450-45kg-prep-vapor\/"},"modified":"2025-03-26T14:42:11","modified_gmt":"2025-03-26T14:42:11","slug":"maquina-lavar-eletrica-iy450-45kg-prep-vapor","status":"publish","type":"product","link":"https:\/\/tpohotelariaecasa.pt\/index.php\/product\/maquina-lavar-eletrica-iy450-45kg-prep-vapor\/","title":{"rendered":"M\u00c1QUINA LAVAR EL\u00c9TRICA IY450 (45KG) PREP. VAPOR"},"content":{"rendered":"<p>Constru\u00e7\u00e3o em a\u00e7o inox, painel frontal superior preto;Iinterior e exterior do tambor em a\u00e7o inox; Microprocessador Aries Elite completamente program\u00e1vel;Programas de lavagem que reduzem consumo de \u00e1gua e energia; 3\u00aa V\u00e1lvula de entrada; Liga\u00e7\u00e3o USB\/RS48S <\/p>\n","protected":false},"excerpt":{"rendered":"<p>Constru\u00e7\u00e3o em a\u00e7o inox, painel frontal superior preto;Iinterior e exterior do tambor em a\u00e7o inox; Microprocessador Aries Elite completamente program\u00e1vel;Programas de lavagem que reduzem consumo de \u00e1gua e energia; 3\u00aa V\u00e1lvula de entrada; Liga\u00e7\u00e3o USB\/RS48S<\/p>\n","protected":false},"featured_media":9451459,"comment_status":"open","ping_status":"closed","template":"","meta":[],"product_cat":[758],"product_tag":[],"class_list":["post-9451460","product","type-product","status-publish","has-post-thumbnail","hentry","product_cat-maquina-de-lavar-alta-centrifugacao-iy","product_shipping_class-gph"],"_links":{"self":[{"href":"https:\/\/tpohotelariaecasa.pt\/index.php\/wp-json\/wp\/v2\/product\/9451460"}],"collection":[{"href":"https:\/\/tpohotelariaecasa.pt\/index.php\/wp-json\/wp\/v2\/product"}],"about":[{"href":"https:\/\/tpohotelariaecasa.pt\/index.php\/wp-json\/wp\/v2\/types\/product"}],"replies":[{"embeddable":true,"href":"https:\/\/tpohotelariaecasa.pt\/index.php\/wp-json\/wp\/v2\/comments?post=9451460"}],"wp:featuredmedia":[{"embeddable":true,"href":"https:\/\/tpohotelariaecasa.pt\/index.php\/wp-json\/wp\/v2\/media\/9451459"}],"wp:attachment":[{"href":"https:\/\/tpohotelariaecasa.pt\/index.php\/wp-json\/wp\/v2\/media?parent=9451460"}],"wp:term":[{"taxonomy":"product_cat","embeddable":true,"href":"https:\/\/tpohotelariaecasa.pt\/index.php\/wp-json\/wp\/v2\/product_cat?post=9451460"},{"taxonomy":"product_tag","embeddable":true,"href":"https:\/\/tpohotelariaecasa.pt\/index.php\/wp-json\/wp\/v2\/product_tag?post=9451460"}],"curies":[{"name":"wp","href":"https:\/\/api.w.org\/{rel}","templated":true}]}}