{"id":9451472,"date":"2024-03-27T11:43:19","date_gmt":"2024-03-27T11:43:19","guid":{"rendered":"https:\/\/tpohotelariaecasa.pt\/index.php\/product\/maquina-lavar-eletrica-evolis-iy135-14-15kg\/"},"modified":"2025-03-26T14:42:10","modified_gmt":"2025-03-26T14:42:10","slug":"maquina-lavar-eletrica-evolis-iy135-14-15kg","status":"publish","type":"product","link":"https:\/\/tpohotelariaecasa.pt\/index.php\/product\/maquina-lavar-eletrica-evolis-iy135-14-15kg\/","title":{"rendered":"M\u00c1QUINA LAVAR EL\u00c9TRICA EVOLIS IY135 (14\/15KG)"},"content":{"rendered":"<p>\u2022 Suspensa, alta centrifuga\u00e7\u00e3o. \u2022 Painel superior e frontal em a\u00e7o inoxid\u00e1vel, pain\u00e9is laterais pretos, f\u00e1cil de usar. \u2022 Tambor e cuba em a\u00e7o inoxid\u00e1vel. \u2022 Velocidade de extra\u00e7\u00e3o de 400G. \u2022 Dispensador de detergente patenteado. \u2022 V\u00e1lvula de esgoto de grande di\u00e2metro (\u00d8 76 mm). \u2022 F\u00e1cil acesso a todas as partes importantes atrav\u00e9s da parte frontal da m\u00e1quina. \u2022 Porta com grande \u00e2ngulo de abertura para facilitar a carga e descarga. \u2022 Progamador EVOLIS. \u2022 Ecr\u00e3 touch, a cores, de 7 polegadas, personaliz\u00e1vel e vis\u00edvel de qualquer \u00e2ngulo. \u2022 Interface de controlo, percet\u00edvel facilmente, l\u00edder de mercado, porciona ao operador a ajuda necess\u00e1ria. \u2022 Instru\u00e7\u00f5es dispon\u00edveis em 34 l\u00ednguas, simplifica o funcionamento para os operadores que podem fazer qualquer sele\u00e7\u00e3o com dois toques no m\u00e1ximo. \u2022 15 ciclos de lavagem para OPL (10 para VEND)&amp; 11 modificadores de ciclo, ciclos de lavagem podem ser personalizados. \u2022 Programa\u00e7\u00e3o da m\u00e1quina acess\u00edvel atrav\u00e9s da cloud, permite ao utilizador controlar a m\u00e1quina, remotamente no seu dispositivo m\u00f3vel. <\/p>\n","protected":false},"excerpt":{"rendered":"<p>\u2022 Suspensa, alta centrifuga\u00e7\u00e3o. \u2022 Painel superior e frontal em a\u00e7o inoxid\u00e1vel, pain\u00e9is laterais pretos, f\u00e1cil de usar. \u2022 Tambor e cuba em a\u00e7o inoxid\u00e1vel. \u2022 Velocidade de extra\u00e7\u00e3o de 400G. \u2022 Dispensador de detergente patenteado. \u2022 V\u00e1lvula de esgoto de grande di\u00e2metro (\u00d8 76 mm). \u2022 F\u00e1cil acesso a todas as partes importantes atrav\u00e9s [&hellip;]<\/p>\n","protected":false},"featured_media":9451471,"comment_status":"open","ping_status":"closed","template":"","meta":[],"product_cat":[758],"product_tag":[],"class_list":["post-9451472","product","type-product","status-publish","has-post-thumbnail","hentry","product_cat-maquina-de-lavar-alta-centrifugacao-iy","product_shipping_class-gph"],"_links":{"self":[{"href":"https:\/\/tpohotelariaecasa.pt\/index.php\/wp-json\/wp\/v2\/product\/9451472"}],"collection":[{"href":"https:\/\/tpohotelariaecasa.pt\/index.php\/wp-json\/wp\/v2\/product"}],"about":[{"href":"https:\/\/tpohotelariaecasa.pt\/index.php\/wp-json\/wp\/v2\/types\/product"}],"replies":[{"embeddable":true,"href":"https:\/\/tpohotelariaecasa.pt\/index.php\/wp-json\/wp\/v2\/comments?post=9451472"}],"wp:featuredmedia":[{"embeddable":true,"href":"https:\/\/tpohotelariaecasa.pt\/index.php\/wp-json\/wp\/v2\/media\/9451471"}],"wp:attachment":[{"href":"https:\/\/tpohotelariaecasa.pt\/index.php\/wp-json\/wp\/v2\/media?parent=9451472"}],"wp:term":[{"taxonomy":"product_cat","embeddable":true,"href":"https:\/\/tpohotelariaecasa.pt\/index.php\/wp-json\/wp\/v2\/product_cat?post=9451472"},{"taxonomy":"product_tag","embeddable":true,"href":"https:\/\/tpohotelariaecasa.pt\/index.php\/wp-json\/wp\/v2\/product_tag?post=9451472"}],"curies":[{"name":"wp","href":"https:\/\/api.w.org\/{rel}","templated":true}]}}