{"id":9451488,"date":"2024-03-27T11:43:39","date_gmt":"2024-03-27T11:43:39","guid":{"rendered":"https:\/\/tpohotelariaecasa.pt\/index.php\/product\/combinado-elt-ntwntd-10kg-bomba-desc-400v-cinza\/"},"modified":"2025-03-26T14:42:10","modified_gmt":"2025-03-26T14:42:10","slug":"combinado-elt-ntwntd-10kg-bomba-desc-400v-cinza","status":"publish","type":"product","link":"https:\/\/tpohotelariaecasa.pt\/index.php\/product\/combinado-elt-ntwntd-10kg-bomba-desc-400v-cinza\/","title":{"rendered":"COMBINADO ELT NTW+NTD 10KG BOMBA DESC 400V CINZA"},"content":{"rendered":"<p>M\u00e1quina aut\u00f4noma; pode ser instalada em qualquer pavimento e altura. Pain\u00e9is superiores, frontal e laterais fornecidos de s\u00e9rie em cor cinza. Tambor exterior e interior de a\u00e7o inoxid\u00e1vel. Porta com uma abertura de 180\u00b0 para maior facilidade de carga e descarga. Bomba de drenagem de s\u00e9rie. O recipiente de detergente redesenhado inclui quatro compartimentos . Fator G 440: &#8211; elimina mais humidade &#8211; diminui ao m\u00ednimo o tempo de secagem e custos de eletricidade. 6 programas de lavagem com possibilidade de programar ciclos e modificar op\u00e7\u00f5es: &#8211; adicionar pr\u00e9-lavagem &#8211; tempo extra de lavagem &#8211; extra enxaguamento <\/p>\n","protected":false},"excerpt":{"rendered":"<p>M\u00e1quina aut\u00f4noma; pode ser instalada em qualquer pavimento e altura. Pain\u00e9is superiores, frontal e laterais fornecidos de s\u00e9rie em cor cinza. Tambor exterior e interior de a\u00e7o inoxid\u00e1vel. Porta com uma abertura de 180\u00b0 para maior facilidade de carga e descarga. Bomba de drenagem de s\u00e9rie. O recipiente de detergente redesenhado inclui quatro compartimentos . [&hellip;]<\/p>\n","protected":false},"featured_media":9451487,"comment_status":"open","ping_status":"closed","template":"","meta":[],"product_cat":[764],"product_tag":[],"class_list":["post-9451488","product","type-product","status-publish","has-post-thumbnail","hentry","product_cat-maquina-de-lavar-semi-profissional","product_shipping_class-gph"],"_links":{"self":[{"href":"https:\/\/tpohotelariaecasa.pt\/index.php\/wp-json\/wp\/v2\/product\/9451488"}],"collection":[{"href":"https:\/\/tpohotelariaecasa.pt\/index.php\/wp-json\/wp\/v2\/product"}],"about":[{"href":"https:\/\/tpohotelariaecasa.pt\/index.php\/wp-json\/wp\/v2\/types\/product"}],"replies":[{"embeddable":true,"href":"https:\/\/tpohotelariaecasa.pt\/index.php\/wp-json\/wp\/v2\/comments?post=9451488"}],"wp:featuredmedia":[{"embeddable":true,"href":"https:\/\/tpohotelariaecasa.pt\/index.php\/wp-json\/wp\/v2\/media\/9451487"}],"wp:attachment":[{"href":"https:\/\/tpohotelariaecasa.pt\/index.php\/wp-json\/wp\/v2\/media?parent=9451488"}],"wp:term":[{"taxonomy":"product_cat","embeddable":true,"href":"https:\/\/tpohotelariaecasa.pt\/index.php\/wp-json\/wp\/v2\/product_cat?post=9451488"},{"taxonomy":"product_tag","embeddable":true,"href":"https:\/\/tpohotelariaecasa.pt\/index.php\/wp-json\/wp\/v2\/product_tag?post=9451488"}],"curies":[{"name":"wp","href":"https:\/\/api.w.org\/{rel}","templated":true}]}}