{"id":9451490,"date":"2024-03-27T11:43:40","date_gmt":"2024-03-27T11:43:40","guid":{"rendered":"https:\/\/tpohotelariaecasa.pt\/index.php\/product\/maquina-lavar-elt-nf10-bomba-descmoed-duplo-cinza\/"},"modified":"2025-03-26T14:42:10","modified_gmt":"2025-03-26T14:42:10","slug":"maquina-lavar-elt-nf10-bomba-descmoed-duplo-cinza","status":"publish","type":"product","link":"https:\/\/tpohotelariaecasa.pt\/index.php\/product\/maquina-lavar-elt-nf10-bomba-descmoed-duplo-cinza\/","title":{"rendered":"M\u00c1QUINA LAVAR ELT NF10 BOMBA DESC+MOED DUPLO CINZA"},"content":{"rendered":"<p>Maquina aut\u00f4noma; pode ser instalada em qualquer pavimento e altura. Pain\u00e9is superiores, frontal e laterais fornececidos de serie em cor cinza antracite. Tambor exterior e interior de a\u00e7o inoxid\u00e1vel. Porta com uma abertura de 180\u00b0 para maior facilidade de carga e descarga. Bomba de drenagem de serie. O recipiente de detergente redesenhado inclui quatro compartimentos . Factor G 440 : &#8211; elimina mais humidade &#8211; diminui ao minimo o tempo de secagem e os custos de electricidade. 6 programas de lavagem com possibilidade de programar ciclos e modificar op\u00e7\u00f5es: &#8211; adicionar pre-lavagem &#8211; tempo extra de lavagem &#8211; extra enxaguamento <\/p>\n","protected":false},"excerpt":{"rendered":"<p>Maquina aut\u00f4noma; pode ser instalada em qualquer pavimento e altura. Pain\u00e9is superiores, frontal e laterais fornececidos de serie em cor cinza antracite. Tambor exterior e interior de a\u00e7o inoxid\u00e1vel. Porta com uma abertura de 180\u00b0 para maior facilidade de carga e descarga. Bomba de drenagem de serie. O recipiente de detergente redesenhado inclui quatro compartimentos [&hellip;]<\/p>\n","protected":false},"featured_media":9451489,"comment_status":"open","ping_status":"closed","template":"","meta":[],"product_cat":[764],"product_tag":[],"class_list":["post-9451490","product","type-product","status-publish","has-post-thumbnail","hentry","product_cat-maquina-de-lavar-semi-profissional","product_shipping_class-gph"],"_links":{"self":[{"href":"https:\/\/tpohotelariaecasa.pt\/index.php\/wp-json\/wp\/v2\/product\/9451490"}],"collection":[{"href":"https:\/\/tpohotelariaecasa.pt\/index.php\/wp-json\/wp\/v2\/product"}],"about":[{"href":"https:\/\/tpohotelariaecasa.pt\/index.php\/wp-json\/wp\/v2\/types\/product"}],"replies":[{"embeddable":true,"href":"https:\/\/tpohotelariaecasa.pt\/index.php\/wp-json\/wp\/v2\/comments?post=9451490"}],"wp:featuredmedia":[{"embeddable":true,"href":"https:\/\/tpohotelariaecasa.pt\/index.php\/wp-json\/wp\/v2\/media\/9451489"}],"wp:attachment":[{"href":"https:\/\/tpohotelariaecasa.pt\/index.php\/wp-json\/wp\/v2\/media?parent=9451490"}],"wp:term":[{"taxonomy":"product_cat","embeddable":true,"href":"https:\/\/tpohotelariaecasa.pt\/index.php\/wp-json\/wp\/v2\/product_cat?post=9451490"},{"taxonomy":"product_tag","embeddable":true,"href":"https:\/\/tpohotelariaecasa.pt\/index.php\/wp-json\/wp\/v2\/product_tag?post=9451490"}],"curies":[{"name":"wp","href":"https:\/\/api.w.org\/{rel}","templated":true}]}}