{"id":9451494,"date":"2024-03-27T11:43:43","date_gmt":"2024-03-27T11:43:43","guid":{"rendered":"https:\/\/tpohotelariaecasa.pt\/index.php\/product\/secador-elt-nd10-10kgmoedeiro-duplo-400v-cinza\/"},"modified":"2025-03-26T14:42:10","modified_gmt":"2025-03-26T14:42:10","slug":"secador-elt-nd10-10kgmoedeiro-duplo-400v-cinza","status":"publish","type":"product","link":"https:\/\/tpohotelariaecasa.pt\/index.php\/product\/secador-elt-nd10-10kgmoedeiro-duplo-400v-cinza\/","title":{"rendered":"SECADOR ELT ND10 10KG+MOEDEIRO DUPLO 400V CINZA"},"content":{"rendered":"<p>Tambor de a\u00e7o galvanizado Os pan\u00e9is superior, inferior e laterais fornecidos de serie de cor cinza antracite. A porta oferece um \u00e2ngulo de abertura de 180\u00b0 para facilitar a carga e descarga. Filtro de pel\u00facia de grande tamanho localizado na parte frontal, para facilitar a limpeza. Possui um silencioso ventilador que assegura tempo de secagem mais curtos e menores custos de funcionamento. 5 programas de secagem <\/p>\n","protected":false},"excerpt":{"rendered":"<p>Tambor de a\u00e7o galvanizado Os pan\u00e9is superior, inferior e laterais fornecidos de serie de cor cinza antracite. A porta oferece um \u00e2ngulo de abertura de 180\u00b0 para facilitar a carga e descarga. Filtro de pel\u00facia de grande tamanho localizado na parte frontal, para facilitar a limpeza. Possui um silencioso ventilador que assegura tempo de secagem [&hellip;]<\/p>\n","protected":false},"featured_media":9451493,"comment_status":"open","ping_status":"closed","template":"","meta":[],"product_cat":[764],"product_tag":[],"class_list":["post-9451494","product","type-product","status-publish","has-post-thumbnail","hentry","product_cat-maquina-de-lavar-semi-profissional","product_shipping_class-gph"],"_links":{"self":[{"href":"https:\/\/tpohotelariaecasa.pt\/index.php\/wp-json\/wp\/v2\/product\/9451494"}],"collection":[{"href":"https:\/\/tpohotelariaecasa.pt\/index.php\/wp-json\/wp\/v2\/product"}],"about":[{"href":"https:\/\/tpohotelariaecasa.pt\/index.php\/wp-json\/wp\/v2\/types\/product"}],"replies":[{"embeddable":true,"href":"https:\/\/tpohotelariaecasa.pt\/index.php\/wp-json\/wp\/v2\/comments?post=9451494"}],"wp:featuredmedia":[{"embeddable":true,"href":"https:\/\/tpohotelariaecasa.pt\/index.php\/wp-json\/wp\/v2\/media\/9451493"}],"wp:attachment":[{"href":"https:\/\/tpohotelariaecasa.pt\/index.php\/wp-json\/wp\/v2\/media?parent=9451494"}],"wp:term":[{"taxonomy":"product_cat","embeddable":true,"href":"https:\/\/tpohotelariaecasa.pt\/index.php\/wp-json\/wp\/v2\/product_cat?post=9451494"},{"taxonomy":"product_tag","embeddable":true,"href":"https:\/\/tpohotelariaecasa.pt\/index.php\/wp-json\/wp\/v2\/product_tag?post=9451494"}],"curies":[{"name":"wp","href":"https:\/\/api.w.org\/{rel}","templated":true}]}}