{"id":9451506,"date":"2024-03-27T11:56:42","date_gmt":"2024-03-27T11:56:42","guid":{"rendered":"https:\/\/tpohotelariaecasa.pt\/index.php\/product\/maquina-barreira-sanitaria-vapor-ih0180-939rpm\/"},"modified":"2025-03-26T14:42:15","modified_gmt":"2025-03-26T14:42:15","slug":"maquina-barreira-sanitaria-vapor-ih0180-939rpm","status":"publish","type":"product","link":"https:\/\/tpohotelariaecasa.pt\/index.php\/product\/maquina-barreira-sanitaria-vapor-ih0180-939rpm\/","title":{"rendered":"M\u00c1QUINA BARREIRA SANIT\u00c1RIA VAPOR IH0180 939RPM"},"content":{"rendered":"<p>Sem fixa\u00e7\u00e3o e alta centrifuga\u00e7\u00e3o Totalmente revestido em a\u00e7o inoxid\u00e1vel Tambor e envolvente em a\u00e7o inoxid\u00e1vel Programador aries elite \u2013 totalmente program\u00e1vel V\u00e1lvula de drenagem de grande di\u00e2metro (\u00d8 76 mm) F\u00e1cil acceso \u00e1s partes essenciais da m\u00e1quina desde todos os lados Porta com grande \u00e2ngulo de abertura para facilitar a carga e descarga Posicionamento autom\u00e1tico da porta Conex\u00f5es para detergentes l\u00edquidos <\/p>\n","protected":false},"excerpt":{"rendered":"<p>Sem fixa\u00e7\u00e3o e alta centrifuga\u00e7\u00e3o Totalmente revestido em a\u00e7o inoxid\u00e1vel Tambor e envolvente em a\u00e7o inoxid\u00e1vel Programador aries elite \u2013 totalmente program\u00e1vel V\u00e1lvula de drenagem de grande di\u00e2metro (\u00d8 76 mm) F\u00e1cil acceso \u00e1s partes essenciais da m\u00e1quina desde todos os lados Porta com grande \u00e2ngulo de abertura para facilitar a carga e descarga Posicionamento [&hellip;]<\/p>\n","protected":false},"featured_media":9451505,"comment_status":"open","ping_status":"closed","template":"","meta":[],"product_cat":[761],"product_tag":[],"class_list":["post-9451506","product","type-product","status-publish","has-post-thumbnail","hentry","product_cat-maquina-de-lavar-de-barreira-sanitaria-ih","product_shipping_class-gph"],"_links":{"self":[{"href":"https:\/\/tpohotelariaecasa.pt\/index.php\/wp-json\/wp\/v2\/product\/9451506"}],"collection":[{"href":"https:\/\/tpohotelariaecasa.pt\/index.php\/wp-json\/wp\/v2\/product"}],"about":[{"href":"https:\/\/tpohotelariaecasa.pt\/index.php\/wp-json\/wp\/v2\/types\/product"}],"replies":[{"embeddable":true,"href":"https:\/\/tpohotelariaecasa.pt\/index.php\/wp-json\/wp\/v2\/comments?post=9451506"}],"wp:featuredmedia":[{"embeddable":true,"href":"https:\/\/tpohotelariaecasa.pt\/index.php\/wp-json\/wp\/v2\/media\/9451505"}],"wp:attachment":[{"href":"https:\/\/tpohotelariaecasa.pt\/index.php\/wp-json\/wp\/v2\/media?parent=9451506"}],"wp:term":[{"taxonomy":"product_cat","embeddable":true,"href":"https:\/\/tpohotelariaecasa.pt\/index.php\/wp-json\/wp\/v2\/product_cat?post=9451506"},{"taxonomy":"product_tag","embeddable":true,"href":"https:\/\/tpohotelariaecasa.pt\/index.php\/wp-json\/wp\/v2\/product_tag?post=9451506"}],"curies":[{"name":"wp","href":"https:\/\/api.w.org\/{rel}","templated":true}]}}