{"id":9451694,"date":"2024-05-02T17:34:03","date_gmt":"2024-05-02T17:34:03","guid":{"rendered":"https:\/\/tpohotelariaecasa.pt\/index.php\/product\/maquina-lavar-roupa-bosch-wan-24272-es\/"},"modified":"2025-01-29T12:10:21","modified_gmt":"2025-01-29T12:10:21","slug":"maquina-lavar-roupa-bosch-wan-24272-es","status":"publish","type":"product","link":"https:\/\/tpohotelariaecasa.pt\/index.php\/product\/maquina-lavar-roupa-bosch-wan-24272-es\/","title":{"rendered":"Maquina Lavar Roupa Bosch WAN-24272-ES"},"content":{"rendered":"<p>SER4, branco, Iron Assist com vapor, 8 Kg, 1.200 r\/min, cl. energ. A, motor EcoSilence, programa Higiene Plus, display LED TouchControl com recomenda\u00e7\u00e3o de carga, prote\u00e7\u00e3o m\u00faltipla contra fugas de \u00e1gua<\/p>\n","protected":false},"excerpt":{"rendered":"<p>SER4, branco, Iron Assist com vapor, 8 Kg, 1.200 r\/min, cl. energ. A, motor EcoSilence, programa Higiene Plus, display LED TouchControl com recomenda\u00e7\u00e3o de carga, prote\u00e7\u00e3o m\u00faltipla contra fugas de \u00e1gua<\/p>\n","protected":false},"featured_media":9451693,"comment_status":"open","ping_status":"closed","template":"","meta":[],"product_cat":[620],"product_tag":[],"class_list":["post-9451694","product","type-product","status-publish","has-post-thumbnail","hentry","product_cat-maquinas-de-lavar-roupa"],"_links":{"self":[{"href":"https:\/\/tpohotelariaecasa.pt\/index.php\/wp-json\/wp\/v2\/product\/9451694"}],"collection":[{"href":"https:\/\/tpohotelariaecasa.pt\/index.php\/wp-json\/wp\/v2\/product"}],"about":[{"href":"https:\/\/tpohotelariaecasa.pt\/index.php\/wp-json\/wp\/v2\/types\/product"}],"replies":[{"embeddable":true,"href":"https:\/\/tpohotelariaecasa.pt\/index.php\/wp-json\/wp\/v2\/comments?post=9451694"}],"wp:featuredmedia":[{"embeddable":true,"href":"https:\/\/tpohotelariaecasa.pt\/index.php\/wp-json\/wp\/v2\/media\/9451693"}],"wp:attachment":[{"href":"https:\/\/tpohotelariaecasa.pt\/index.php\/wp-json\/wp\/v2\/media?parent=9451694"}],"wp:term":[{"taxonomy":"product_cat","embeddable":true,"href":"https:\/\/tpohotelariaecasa.pt\/index.php\/wp-json\/wp\/v2\/product_cat?post=9451694"},{"taxonomy":"product_tag","embeddable":true,"href":"https:\/\/tpohotelariaecasa.pt\/index.php\/wp-json\/wp\/v2\/product_tag?post=9451694"}],"curies":[{"name":"wp","href":"https:\/\/api.w.org\/{rel}","templated":true}]}}