{"id":9451726,"date":"2024-05-02T17:34:32","date_gmt":"2024-05-02T17:34:32","guid":{"rendered":"https:\/\/tpohotelariaecasa.pt\/index.php\/product\/maquina-lavar-roupa-samsung-ww-11-dg-5-b-25-abep\/"},"modified":"2025-01-29T12:10:45","modified_gmt":"2025-01-29T12:10:45","slug":"maquina-lavar-roupa-samsung-ww-11-dg-5-b-25-abep","status":"publish","type":"product","link":"https:\/\/tpohotelariaecasa.pt\/index.php\/product\/maquina-lavar-roupa-samsung-ww-11-dg-5-b-25-abep\/","title":{"rendered":"Maquina Lavar Roupa Samsung WW-11-DG-5-B-25-ABEP"},"content":{"rendered":"<p>Capacidade de Lavagem (kg): 11<br \/>  Velocidade de Centrifuga\u00e7\u00e3o (rpm): 1400<br \/>  Motor Digital Inverter (20 anos de garantia)<br \/>  Tecnologia AI EcoBubbleTM (com dete\u00e7\u00e3o de tecidos)<br \/>  Conectividade WiFi e app SmartThings<br \/>  Modo Energia IA <br \/>  N\u00famero de Programas: 14<br \/>  Ciclo Super R\u00e1pido (39 min.)<br \/>  Ciclo de Redu\u00e7\u00e3o de Microfibras<br \/>  Higieniza\u00e7\u00e3o a Vapor <br \/>  Limpeza do Tambor+<br \/>  Op\u00e7\u00e3o de Banho de Espuma (Tratamento de N\u00f3doas)<br \/>  Op\u00e7\u00e3o de Final Diferido<br \/>  Classe de Efici\u00eancia Energ\u00e9tica: A<br \/>  Porta: Preta  |  Painel: LED<br \/>  Cor: Preto<br \/>  Dimens\u00f5es (LxAxP mm): 850x600x600 mm  <\/p>\n","protected":false},"excerpt":{"rendered":"<p>Capacidade de Lavagem (kg): 11 Velocidade de Centrifuga\u00e7\u00e3o (rpm): 1400 Motor Digital Inverter (20 anos de garantia) Tecnologia AI EcoBubbleTM (com dete\u00e7\u00e3o de tecidos) Conectividade WiFi e app SmartThings Modo Energia IA N\u00famero de Programas: 14 Ciclo Super R\u00e1pido (39 min.) Ciclo de Redu\u00e7\u00e3o de Microfibras Higieniza\u00e7\u00e3o a Vapor Limpeza do Tambor+ Op\u00e7\u00e3o de Banho [&hellip;]<\/p>\n","protected":false},"featured_media":9451725,"comment_status":"open","ping_status":"closed","template":"","meta":[],"product_cat":[620],"product_tag":[],"class_list":["post-9451726","product","type-product","status-publish","has-post-thumbnail","hentry","product_cat-maquinas-de-lavar-roupa","product_shipping_class-gpolg"],"_links":{"self":[{"href":"https:\/\/tpohotelariaecasa.pt\/index.php\/wp-json\/wp\/v2\/product\/9451726"}],"collection":[{"href":"https:\/\/tpohotelariaecasa.pt\/index.php\/wp-json\/wp\/v2\/product"}],"about":[{"href":"https:\/\/tpohotelariaecasa.pt\/index.php\/wp-json\/wp\/v2\/types\/product"}],"replies":[{"embeddable":true,"href":"https:\/\/tpohotelariaecasa.pt\/index.php\/wp-json\/wp\/v2\/comments?post=9451726"}],"wp:featuredmedia":[{"embeddable":true,"href":"https:\/\/tpohotelariaecasa.pt\/index.php\/wp-json\/wp\/v2\/media\/9451725"}],"wp:attachment":[{"href":"https:\/\/tpohotelariaecasa.pt\/index.php\/wp-json\/wp\/v2\/media?parent=9451726"}],"wp:term":[{"taxonomy":"product_cat","embeddable":true,"href":"https:\/\/tpohotelariaecasa.pt\/index.php\/wp-json\/wp\/v2\/product_cat?post=9451726"},{"taxonomy":"product_tag","embeddable":true,"href":"https:\/\/tpohotelariaecasa.pt\/index.php\/wp-json\/wp\/v2\/product_tag?post=9451726"}],"curies":[{"name":"wp","href":"https:\/\/api.w.org\/{rel}","templated":true}]}}