{"id":9458608,"date":"2024-05-15T15:01:57","date_gmt":"2024-05-15T15:01:57","guid":{"rendered":"https:\/\/tpohotelariaecasa.pt\/index.php\/product\/maquina-lavar-roupa-lg-f-1-p-1-cy-2-w\/"},"modified":"2025-01-29T12:12:01","modified_gmt":"2025-01-29T12:12:01","slug":"maquina-lavar-roupa-lg-f-1-p-1-cy-2-w","status":"publish","type":"product","link":"https:\/\/tpohotelariaecasa.pt\/index.php\/product\/maquina-lavar-roupa-lg-f-1-p-1-cy-2-w\/","title":{"rendered":"Maquina Lavar Roupa LG F-1-P-1-CY-2-W"},"content":{"rendered":"<p>Capacidade de lavagem (kg): 17<br \/>  Velocidade m\u00e1xima Centrifuga\u00e7\u00e3o (rpm): 1100<br \/>  Temperatura Vari\u00e1vel: Frio\/20\/30\/40\/60\/95<br \/>  Di\u00e2metro da porta (mm): 300<br \/>  Display: LED, Wi-Fi<br \/>  Inverter Direct Drive?, SpaSteam?: Steam+<br \/>  TurboWash?, 6 Motion<br \/>  Op\u00e7\u00f5es adicionais: Pr\u00e9-lavagem&amp;#60br&amp;#62 Poupar Tempo&amp;#60br&amp;#62 Bloqueio para Crian\u00e7as&amp;#60br&amp;#62 Sinal Sonoro On\/Off&amp;#60br&amp;#62 Limpeza de Cuba&amp;#60br&amp;#62 Auto Restart&amp;#60br&amp;#62 Smart Diagnosis?<br \/>  Op\u00e7\u00f5es de lavagem: Intensivo&amp;#60br&amp;#62 Turbo Wash<br \/>  Classe Energ\u00e9tica: E<br \/>  Cor: Branco<br \/>  Dimens\u00f5es (AxLxP): 990x700x770 mm<\/p>\n","protected":false},"excerpt":{"rendered":"<p>Capacidade de lavagem (kg): 17 Velocidade m\u00e1xima Centrifuga\u00e7\u00e3o (rpm): 1100 Temperatura Vari\u00e1vel: Frio\/20\/30\/40\/60\/95 Di\u00e2metro da porta (mm): 300 Display: LED, Wi-Fi Inverter Direct Drive?, SpaSteam?: Steam+ TurboWash?, 6 Motion Op\u00e7\u00f5es adicionais: Pr\u00e9-lavagem&amp;#60br&amp;#62 Poupar Tempo&amp;#60br&amp;#62 Bloqueio para Crian\u00e7as&amp;#60br&amp;#62 Sinal Sonoro On\/Off&amp;#60br&amp;#62 Limpeza de Cuba&amp;#60br&amp;#62 Auto Restart&amp;#60br&amp;#62 Smart Diagnosis? Op\u00e7\u00f5es de lavagem: Intensivo&amp;#60br&amp;#62 Turbo Wash Classe Energ\u00e9tica: [&hellip;]<\/p>\n","protected":false},"featured_media":9458607,"comment_status":"open","ping_status":"closed","template":"","meta":[],"product_cat":[620],"product_tag":[],"class_list":["post-9458608","product","type-product","status-publish","has-post-thumbnail","hentry","product_cat-maquinas-de-lavar-roupa"],"_links":{"self":[{"href":"https:\/\/tpohotelariaecasa.pt\/index.php\/wp-json\/wp\/v2\/product\/9458608"}],"collection":[{"href":"https:\/\/tpohotelariaecasa.pt\/index.php\/wp-json\/wp\/v2\/product"}],"about":[{"href":"https:\/\/tpohotelariaecasa.pt\/index.php\/wp-json\/wp\/v2\/types\/product"}],"replies":[{"embeddable":true,"href":"https:\/\/tpohotelariaecasa.pt\/index.php\/wp-json\/wp\/v2\/comments?post=9458608"}],"wp:featuredmedia":[{"embeddable":true,"href":"https:\/\/tpohotelariaecasa.pt\/index.php\/wp-json\/wp\/v2\/media\/9458607"}],"wp:attachment":[{"href":"https:\/\/tpohotelariaecasa.pt\/index.php\/wp-json\/wp\/v2\/media?parent=9458608"}],"wp:term":[{"taxonomy":"product_cat","embeddable":true,"href":"https:\/\/tpohotelariaecasa.pt\/index.php\/wp-json\/wp\/v2\/product_cat?post=9458608"},{"taxonomy":"product_tag","embeddable":true,"href":"https:\/\/tpohotelariaecasa.pt\/index.php\/wp-json\/wp\/v2\/product_tag?post=9458608"}],"curies":[{"name":"wp","href":"https:\/\/api.w.org\/{rel}","templated":true}]}}