{"id":9458622,"date":"2024-05-15T15:02:12","date_gmt":"2024-05-15T15:02:12","guid":{"rendered":"https:\/\/tpohotelariaecasa.pt\/index.php\/product\/maquina-lavar-roupa-lg-f-4-wr-7013-agw\/"},"modified":"2025-01-29T12:11:21","modified_gmt":"2025-01-29T12:11:21","slug":"maquina-lavar-roupa-lg-f-4-wr-7013-agw","status":"publish","type":"product","link":"https:\/\/tpohotelariaecasa.pt\/index.php\/product\/maquina-lavar-roupa-lg-f-4-wr-7013-agw\/","title":{"rendered":"Maquina Lavar Roupa LG F-4-WR-7013-AGW"},"content":{"rendered":"<p>Capacidade m\u00e1xima de lavagem 13 kg <br \/>  Velocidade m\u00e1xima de centrifuga\u00e7\u00e3o 1400 r.p.m<br \/>  AI DD?<br \/>  Motor Inverter Direct Drive?<br \/>  Garantia do motor Inverter Direct Drive? 10 anos<br \/>  Steam? <br \/>  TurboWash? (TurboWash360?) <br \/>  Adicionar mais roupa <br \/>  Rein\u00edcio autom\u00e1tico<br \/>  Wi-Fi<br \/>  Smart Diagnosis?<br \/>  Op\u00e7\u00f5es: Pr\u00e9-lavagem, Vapor, Final diferido, In\u00edcio remoto, Bloqueio para crian\u00e7as, S\u00f3 centrifuga\u00e7\u00e3o, Sinais sonoros<br \/>  Classe de efici\u00eancia energ\u00e9tica A<br \/>  Cor Branco<br \/>  Dimens\u00f5es (AxLxP): 850x600x615 mm  <\/p>\n","protected":false},"excerpt":{"rendered":"<p>Capacidade m\u00e1xima de lavagem 13 kg Velocidade m\u00e1xima de centrifuga\u00e7\u00e3o 1400 r.p.m AI DD? Motor Inverter Direct Drive? Garantia do motor Inverter Direct Drive? 10 anos Steam? TurboWash? (TurboWash360?) Adicionar mais roupa Rein\u00edcio autom\u00e1tico Wi-Fi Smart Diagnosis? Op\u00e7\u00f5es: Pr\u00e9-lavagem, Vapor, Final diferido, In\u00edcio remoto, Bloqueio para crian\u00e7as, S\u00f3 centrifuga\u00e7\u00e3o, Sinais sonoros Classe de efici\u00eancia energ\u00e9tica [&hellip;]<\/p>\n","protected":false},"featured_media":9458621,"comment_status":"open","ping_status":"closed","template":"","meta":[],"product_cat":[620],"product_tag":[],"class_list":["post-9458622","product","type-product","status-publish","has-post-thumbnail","hentry","product_cat-maquinas-de-lavar-roupa","product_shipping_class-gpolg"],"_links":{"self":[{"href":"https:\/\/tpohotelariaecasa.pt\/index.php\/wp-json\/wp\/v2\/product\/9458622"}],"collection":[{"href":"https:\/\/tpohotelariaecasa.pt\/index.php\/wp-json\/wp\/v2\/product"}],"about":[{"href":"https:\/\/tpohotelariaecasa.pt\/index.php\/wp-json\/wp\/v2\/types\/product"}],"replies":[{"embeddable":true,"href":"https:\/\/tpohotelariaecasa.pt\/index.php\/wp-json\/wp\/v2\/comments?post=9458622"}],"wp:featuredmedia":[{"embeddable":true,"href":"https:\/\/tpohotelariaecasa.pt\/index.php\/wp-json\/wp\/v2\/media\/9458621"}],"wp:attachment":[{"href":"https:\/\/tpohotelariaecasa.pt\/index.php\/wp-json\/wp\/v2\/media?parent=9458622"}],"wp:term":[{"taxonomy":"product_cat","embeddable":true,"href":"https:\/\/tpohotelariaecasa.pt\/index.php\/wp-json\/wp\/v2\/product_cat?post=9458622"},{"taxonomy":"product_tag","embeddable":true,"href":"https:\/\/tpohotelariaecasa.pt\/index.php\/wp-json\/wp\/v2\/product_tag?post=9458622"}],"curies":[{"name":"wp","href":"https:\/\/api.w.org\/{rel}","templated":true}]}}