{"id":9458624,"date":"2024-05-15T15:02:14","date_gmt":"2024-05-15T15:02:14","guid":{"rendered":"https:\/\/tpohotelariaecasa.pt\/index.php\/product\/maquina-lavar-roupa-lg-f-4wr-5013-a-6-w\/"},"modified":"2025-01-29T12:11:16","modified_gmt":"2025-01-29T12:11:16","slug":"maquina-lavar-roupa-lg-f-4wr-5013-a-6-w","status":"publish","type":"product","link":"https:\/\/tpohotelariaecasa.pt\/index.php\/product\/maquina-lavar-roupa-lg-f-4wr-5013-a-6-w\/","title":{"rendered":"Maquina Lavar Roupa LG F-4WR-5013-A-6-W"},"content":{"rendered":"<p>Capacidade m\u00e1xima de lavagem 13 kg<br \/>  Velocidade m\u00e1xima de centrifuga\u00e7\u00e3o 1400 r.p.m.<br \/>  AI DD? <br \/>  Motor Inverter Direct Drive? <br \/>  Garantia do motor Inverter Direct Drive? 10 anos<br \/>  Steam?<\/p>\n<p>  Rein\u00edcio autom\u00e1tico <br \/>  Smart Diagnosis?<br \/>  Op\u00e7\u00f5es: Pr\u00e9-lavagem, Final diferido, Bloqueio para crian\u00e7as, S\u00f3 centrifuga\u00e7\u00e3o, Limpeza da cuba, Sinais sonoros <br \/>  Batentes em a\u00e7o inoxid\u00e1vel <br \/>  Volume do tambor 81 litros<br \/>  Classe de efici\u00eancia energ\u00e9tica A<br \/>  Cor Branco<br \/>  Dimens\u00f5es (AxLxP): 850x600x615 mm<\/p>\n","protected":false},"excerpt":{"rendered":"<p>Capacidade m\u00e1xima de lavagem 13 kg Velocidade m\u00e1xima de centrifuga\u00e7\u00e3o 1400 r.p.m. AI DD? Motor Inverter Direct Drive? Garantia do motor Inverter Direct Drive? 10 anos Steam? Rein\u00edcio autom\u00e1tico Smart Diagnosis? Op\u00e7\u00f5es: Pr\u00e9-lavagem, Final diferido, Bloqueio para crian\u00e7as, S\u00f3 centrifuga\u00e7\u00e3o, Limpeza da cuba, Sinais sonoros Batentes em a\u00e7o inoxid\u00e1vel Volume do tambor 81 litros Classe [&hellip;]<\/p>\n","protected":false},"featured_media":9458623,"comment_status":"open","ping_status":"closed","template":"","meta":[],"product_cat":[620],"product_tag":[],"class_list":["post-9458624","product","type-product","status-publish","has-post-thumbnail","hentry","product_cat-maquinas-de-lavar-roupa","product_shipping_class-gpolg"],"_links":{"self":[{"href":"https:\/\/tpohotelariaecasa.pt\/index.php\/wp-json\/wp\/v2\/product\/9458624"}],"collection":[{"href":"https:\/\/tpohotelariaecasa.pt\/index.php\/wp-json\/wp\/v2\/product"}],"about":[{"href":"https:\/\/tpohotelariaecasa.pt\/index.php\/wp-json\/wp\/v2\/types\/product"}],"replies":[{"embeddable":true,"href":"https:\/\/tpohotelariaecasa.pt\/index.php\/wp-json\/wp\/v2\/comments?post=9458624"}],"wp:featuredmedia":[{"embeddable":true,"href":"https:\/\/tpohotelariaecasa.pt\/index.php\/wp-json\/wp\/v2\/media\/9458623"}],"wp:attachment":[{"href":"https:\/\/tpohotelariaecasa.pt\/index.php\/wp-json\/wp\/v2\/media?parent=9458624"}],"wp:term":[{"taxonomy":"product_cat","embeddable":true,"href":"https:\/\/tpohotelariaecasa.pt\/index.php\/wp-json\/wp\/v2\/product_cat?post=9458624"},{"taxonomy":"product_tag","embeddable":true,"href":"https:\/\/tpohotelariaecasa.pt\/index.php\/wp-json\/wp\/v2\/product_tag?post=9458624"}],"curies":[{"name":"wp","href":"https:\/\/api.w.org\/{rel}","templated":true}]}}