{"id":9458632,"date":"2024-05-15T15:02:22","date_gmt":"2024-05-15T15:02:22","guid":{"rendered":"https:\/\/tpohotelariaecasa.pt\/index.php\/product\/maquina-lavar-roupa-lg-f-4-wr-3509-a-0-w\/"},"modified":"2025-01-29T12:10:12","modified_gmt":"2025-01-29T12:10:12","slug":"maquina-lavar-roupa-lg-f-4-wr-3509-a-0-w","status":"publish","type":"product","link":"https:\/\/tpohotelariaecasa.pt\/index.php\/product\/maquina-lavar-roupa-lg-f-4-wr-3509-a-0-w\/","title":{"rendered":"Maquina Lavar Roupa LG F-4-WR-3509-A-0-W"},"content":{"rendered":"<p>Capacidade m\u00e1xima de lavagem 9 kg<br \/>  Velocidade m\u00e1xima de centrifuga\u00e7\u00e3o 1400 r.p.m.<br \/>  AI DD?<br \/>  Motor Inverter Direct Drive?<br \/>  Steam?<br \/>  TurboWash?<br \/>  Dosagem autom\u00e1tica de detergente ezDispense?<br \/>  Adicionar mais roupa<br \/>  Rein\u00edcio autom\u00e1tico <br \/>  Wi-Fi <br \/>  Smart Diagnosis?<br \/>  Batentes em a\u00e7o inoxid\u00e1vel<br \/>  Tipo de painel Bot\u00e3o rotativo e display LED t\u00e1til<br \/>  Classe de efici\u00eancia energ\u00e9tica A<\/p>\n<p>  Cor do painel Branco e preto<br \/>  Cor Branco<br \/>  Dimens\u00f5es (AxLxP): 850x600x565 mm<\/p>\n","protected":false},"excerpt":{"rendered":"<p>Capacidade m\u00e1xima de lavagem 9 kg Velocidade m\u00e1xima de centrifuga\u00e7\u00e3o 1400 r.p.m. AI DD? Motor Inverter Direct Drive? Steam? TurboWash? Dosagem autom\u00e1tica de detergente ezDispense? Adicionar mais roupa Rein\u00edcio autom\u00e1tico Wi-Fi Smart Diagnosis? Batentes em a\u00e7o inoxid\u00e1vel Tipo de painel Bot\u00e3o rotativo e display LED t\u00e1til Classe de efici\u00eancia energ\u00e9tica A Cor do painel Branco [&hellip;]<\/p>\n","protected":false},"featured_media":9458631,"comment_status":"open","ping_status":"closed","template":"","meta":[],"product_cat":[620],"product_tag":[],"class_list":["post-9458632","product","type-product","status-publish","has-post-thumbnail","hentry","product_cat-maquinas-de-lavar-roupa","product_shipping_class-gpolg"],"_links":{"self":[{"href":"https:\/\/tpohotelariaecasa.pt\/index.php\/wp-json\/wp\/v2\/product\/9458632"}],"collection":[{"href":"https:\/\/tpohotelariaecasa.pt\/index.php\/wp-json\/wp\/v2\/product"}],"about":[{"href":"https:\/\/tpohotelariaecasa.pt\/index.php\/wp-json\/wp\/v2\/types\/product"}],"replies":[{"embeddable":true,"href":"https:\/\/tpohotelariaecasa.pt\/index.php\/wp-json\/wp\/v2\/comments?post=9458632"}],"wp:featuredmedia":[{"embeddable":true,"href":"https:\/\/tpohotelariaecasa.pt\/index.php\/wp-json\/wp\/v2\/media\/9458631"}],"wp:attachment":[{"href":"https:\/\/tpohotelariaecasa.pt\/index.php\/wp-json\/wp\/v2\/media?parent=9458632"}],"wp:term":[{"taxonomy":"product_cat","embeddable":true,"href":"https:\/\/tpohotelariaecasa.pt\/index.php\/wp-json\/wp\/v2\/product_cat?post=9458632"},{"taxonomy":"product_tag","embeddable":true,"href":"https:\/\/tpohotelariaecasa.pt\/index.php\/wp-json\/wp\/v2\/product_tag?post=9458632"}],"curies":[{"name":"wp","href":"https:\/\/api.w.org\/{rel}","templated":true}]}}